{"id":7768,"date":"2026-02-12T17:10:00","date_gmt":"2026-02-12T22:10:00","guid":{"rendered":"https:\/\/capitolflooringproducts.com\/?post_type=product&#038;p=7768"},"modified":"2026-02-13T12:46:36","modified_gmt":"2026-02-13T17:46:36","slug":"rouleau-de-sous-couche-en-liege-naturel-de-qualite-superieure-6-mm-100-pi%c2%b2-9-m%c2%b2-4-pi-x-25-pi-12-m-x-76-m-110650","status":"publish","type":"product","link":"https:\/\/capitolflooringproducts.com\/fr\/produit\/rouleau-de-sous-couche-en-liege-naturel-de-qualite-superieure-6-mm-100-pi%c2%b2-9-m%c2%b2-4-pi-x-25-pi-12-m-x-76-m-110650\/","title":{"rendered":"Rouleau de sous-couche en li\u00e8ge naturel de qualit\u00e9 sup\u00e9rieure &#8211; 6 mm &#8211; 100 pi\u00b2 (9 m\u00b2) (4 pi x 25 pi) (1,2 m x 7,6 m)"},"content":{"rendered":"","protected":false},"excerpt":{"rendered":"<p>Cette sous-couche en li\u00e8ge naturel prot\u00e8ge votre plancher contre les fissures de contrainte du sous-plancher \u00e0 la surface du rev\u00eatement de sol et r\u00e9duit la transmission thermique, la rendant parfaite pour le chauffage par rayonnement dans le plancher. Elle r\u00e9duit la transmission sonore et constitue une excellente barri\u00e8re acoustique pour tous les types de rev\u00eatement de sol. Naturellement hypoallerg\u00e9nique, cette sous-couche en li\u00e8ge respectueuse de l\u2019environnement contribue \u00e0 une qualit\u00e9 de l\u2019air int\u00e9rieur saine. Les rouleaux de sous-couche en li\u00e8ge de qualit\u00e9 sup\u00e9rieure Capitol peuvent contribuer \u00e0 des cr\u00e9dits en vertu du programme de construction \u00e9cologique LEED.<\/p>\n","protected":false},"featured_media":7769,"template":"","meta":[],"product_brand":[],"product_cat":[462],"product_tag":[],"class_list":{"0":"post-7768","1":"product","2":"type-product","3":"status-publish","4":"has-post-thumbnail","6":"product_cat-cork-underlayment-fr","8":"first","9":"instock","10":"shipping-taxable","11":"product-type-simple"},"_links":{"self":[{"href":"https:\/\/capitolflooringproducts.com\/fr\/wp-json\/wp\/v2\/product\/7768","targetHints":{"allow":["GET"]}}],"collection":[{"href":"https:\/\/capitolflooringproducts.com\/fr\/wp-json\/wp\/v2\/product"}],"about":[{"href":"https:\/\/capitolflooringproducts.com\/fr\/wp-json\/wp\/v2\/types\/product"}],"wp:featuredmedia":[{"embeddable":true,"href":"https:\/\/capitolflooringproducts.com\/fr\/wp-json\/wp\/v2\/media\/7769"}],"wp:attachment":[{"href":"https:\/\/capitolflooringproducts.com\/fr\/wp-json\/wp\/v2\/media?parent=7768"}],"wp:term":[{"taxonomy":"product_brand","embeddable":true,"href":"https:\/\/capitolflooringproducts.com\/fr\/wp-json\/wp\/v2\/product_brand?post=7768"},{"taxonomy":"product_cat","embeddable":true,"href":"https:\/\/capitolflooringproducts.com\/fr\/wp-json\/wp\/v2\/product_cat?post=7768"},{"taxonomy":"product_tag","embeddable":true,"href":"https:\/\/capitolflooringproducts.com\/fr\/wp-json\/wp\/v2\/product_tag?post=7768"}],"curies":[{"name":"wp","href":"https:\/\/api.w.org\/{rel}","templated":true}]}}