{"id":7408,"date":"2026-02-12T17:10:00","date_gmt":"2026-02-12T22:10:00","guid":{"rendered":"https:\/\/capitolflooringproducts.com\/?post_type=product&#038;p=7408"},"modified":"2026-02-13T12:46:35","modified_gmt":"2026-02-13T17:46:35","slug":"adhesif-de-transition-sensible-a-la-pression-ps699-4-gal-1514-l-ps699-4","status":"publish","type":"product","link":"https:\/\/capitolflooringproducts.com\/fr\/produit\/adhesif-de-transition-sensible-a-la-pression-ps699-4-gal-1514-l-ps699-4\/","title":{"rendered":"Adh\u00e9sif de transition sensible \u00e0 la pression PS699 &#8211; 4\u00a0gal. (15,14\u00a0L)"},"content":{"rendered":"","protected":false},"excerpt":{"rendered":"<p>L\u2019adh\u00e9sif de transition sensible \u00e0 la pression \u00e0 prise rapide Capitol<sup>\u00ae<\/sup> PS699 est formul\u00e9 pour la pose de rev\u00eatements de sol r\u00e9silients, notamment les carreaux de vinyle de luxe (LVT), les planches de vinyle de luxe (LVP) et les carreaux de vinyle de composition (VCT), ainsi que les carreaux de moquette. Il s\u2019agit d\u2019un adh\u00e9sif de transition tr\u00e8s agressif \u00e0 adh\u00e9rence \u00e9lev\u00e9e, avec une r\u00e9sistance \u00e9lev\u00e9e au cisaillement et aux forces lat\u00e9rales, id\u00e9al en cas de circulation intense, de performances sup\u00e9rieures avec des charges roulantes. Capitol PS699 se pose comme un adh\u00e9sif sensible \u00e0 la pression et durcit en s\u00e9chant pour former un lien permanent. Utilis\u00e9 comme un adh\u00e9sif sensible \u00e0 la pression, il pr\u00e9sente un temps l\u2019air libre de 60\u00a0minutes et un temps d\u2019emploi de 12\u00a0heures. Pour les installations semi-humides, son temps \u00e0 l\u2019air libre est de 20\u00a0minutes, son temps d\u2019emploi est de 40\u00a0minutes. Facile \u00e0 nettoyer, il devient transparent en s\u00e9chant et pr\u00e9sente une grande r\u00e9sistance \u00e0 l&rsquo;humidit\u00e9 avec une faible odeur et des COV faibles (<1\u00a0g\/L). Il est certifi\u00e9 FloorScore et CRI.\n<\/p>\n","protected":false},"featured_media":7409,"template":"","meta":[],"product_brand":[],"product_cat":[245],"product_tag":[],"class_list":{"0":"post-7408","1":"product","2":"type-product","3":"status-publish","4":"has-post-thumbnail","6":"product_cat-adhesifs-pour-vinyle","8":"first","9":"instock","10":"shipping-taxable","11":"product-type-simple"},"_links":{"self":[{"href":"https:\/\/capitolflooringproducts.com\/fr\/wp-json\/wp\/v2\/product\/7408","targetHints":{"allow":["GET"]}}],"collection":[{"href":"https:\/\/capitolflooringproducts.com\/fr\/wp-json\/wp\/v2\/product"}],"about":[{"href":"https:\/\/capitolflooringproducts.com\/fr\/wp-json\/wp\/v2\/types\/product"}],"wp:featuredmedia":[{"embeddable":true,"href":"https:\/\/capitolflooringproducts.com\/fr\/wp-json\/wp\/v2\/media\/7409"}],"wp:attachment":[{"href":"https:\/\/capitolflooringproducts.com\/fr\/wp-json\/wp\/v2\/media?parent=7408"}],"wp:term":[{"taxonomy":"product_brand","embeddable":true,"href":"https:\/\/capitolflooringproducts.com\/fr\/wp-json\/wp\/v2\/product_brand?post=7408"},{"taxonomy":"product_cat","embeddable":true,"href":"https:\/\/capitolflooringproducts.com\/fr\/wp-json\/wp\/v2\/product_cat?post=7408"},{"taxonomy":"product_tag","embeddable":true,"href":"https:\/\/capitolflooringproducts.com\/fr\/wp-json\/wp\/v2\/product_tag?post=7408"}],"curies":[{"name":"wp","href":"https:\/\/api.w.org\/{rel}","templated":true}]}}