{"id":7060,"date":"2026-02-12T17:10:00","date_gmt":"2026-02-12T22:10:00","guid":{"rendered":"https:\/\/capitolflooringproducts.com\/?post_type=product&#038;p=7060"},"modified":"2026-02-13T12:46:30","modified_gmt":"2026-02-13T17:46:30","slug":"feuilles-de-sous-couche-en-liege-de-qualite-superieure-12-mm-150-pi%c2%b2-14-m%c2%b2-2-pi-x-3-pi-06-m-x-09-m-110621","status":"publish","type":"product","link":"https:\/\/capitolflooringproducts.com\/fr\/produit\/feuilles-de-sous-couche-en-liege-de-qualite-superieure-12-mm-150-pi%c2%b2-14-m%c2%b2-2-pi-x-3-pi-06-m-x-09-m-110621\/","title":{"rendered":"Feuilles de sous-couche en li\u00e8ge de qualit\u00e9 sup\u00e9rieure &#8211; 12 mm &#8211; 150 pi\u00b2 (14 m\u00b2) (2\u00a0pi x 3\u00a0pi) (0,6\u00a0m x 0,9\u00a0m)"},"content":{"rendered":"","protected":false},"excerpt":{"rendered":"<p>Les feuilles de sous-couche en li\u00e8ge de qualit\u00e9 sup\u00e9rieure Capitol<sup>\u00ae<\/sup> sont con\u00e7ues pour \u00eatre utilis\u00e9es avec les carreaux de c\u00e9ramique, la pierre, le marbre, les rev\u00eatements de sol en bois coll\u00e9s et les syst\u00e8mes de planchers flottants.  Cette sous-couche en li\u00e8ge naturel prot\u00e8ge votre plancher contre les fissures de contrainte du sous-plancher \u00e0 la surface du rev\u00eatement de sol et r\u00e9duit la transmission thermique, la rendant parfaite pour le chauffage par rayonnement dans le plancher. Elle r\u00e9duit la transmission sonore et constitue une excellente barri\u00e8re acoustique pour tous les types de rev\u00eatement de sol. Naturellement hypoallerg\u00e9nique, cette sous-couche en li\u00e8ge respectueuse de l\u2019environnement contribue \u00e0 une qualit\u00e9 de l\u2019air int\u00e9rieur saine. Les feuilles de sous-couche en li\u00e8ge de qualit\u00e9 sup\u00e9rieure Capitol<sup>\u00ae<\/sup> peuvent contribuer \u00e0 des cr\u00e9dits en vertu du programme de construction \u00e9cologique LEED.<\/p>\n","protected":false},"featured_media":7793,"template":"","meta":[],"product_brand":[],"product_cat":[462],"product_tag":[],"class_list":{"0":"post-7060","1":"product","2":"type-product","3":"status-publish","4":"has-post-thumbnail","6":"product_cat-cork-underlayment-fr","8":"first","9":"instock","10":"shipping-taxable","11":"product-type-simple"},"_links":{"self":[{"href":"https:\/\/capitolflooringproducts.com\/fr\/wp-json\/wp\/v2\/product\/7060","targetHints":{"allow":["GET"]}}],"collection":[{"href":"https:\/\/capitolflooringproducts.com\/fr\/wp-json\/wp\/v2\/product"}],"about":[{"href":"https:\/\/capitolflooringproducts.com\/fr\/wp-json\/wp\/v2\/types\/product"}],"wp:featuredmedia":[{"embeddable":true,"href":"https:\/\/capitolflooringproducts.com\/fr\/wp-json\/wp\/v2\/media\/7793"}],"wp:attachment":[{"href":"https:\/\/capitolflooringproducts.com\/fr\/wp-json\/wp\/v2\/media?parent=7060"}],"wp:term":[{"taxonomy":"product_brand","embeddable":true,"href":"https:\/\/capitolflooringproducts.com\/fr\/wp-json\/wp\/v2\/product_brand?post=7060"},{"taxonomy":"product_cat","embeddable":true,"href":"https:\/\/capitolflooringproducts.com\/fr\/wp-json\/wp\/v2\/product_cat?post=7060"},{"taxonomy":"product_tag","embeddable":true,"href":"https:\/\/capitolflooringproducts.com\/fr\/wp-json\/wp\/v2\/product_tag?post=7060"}],"curies":[{"name":"wp","href":"https:\/\/api.w.org\/{rel}","templated":true}]}}