{"id":3925,"date":"2026-02-12T17:10:00","date_gmt":"2026-02-12T22:10:00","guid":{"rendered":"https:\/\/capitolflooringproducts.com\/?post_type=product&#038;p=3925"},"modified":"2026-02-13T12:46:38","modified_gmt":"2026-02-13T17:46:38","slug":"agrafes-a-pointes-divergentes-de-9-16-po-110013-8","status":"publish","type":"product","link":"https:\/\/capitolflooringproducts.com\/fr\/produit\/agrafes-a-pointes-divergentes-de-9-16-po-110013-8\/","title":{"rendered":"Agrafes \u00e0 pointes divergentes de 9\/16\u00a0po"},"content":{"rendered":"","protected":false},"excerpt":{"rendered":"<p>Les agrafes \u00e0 pointe divergentes de 9\/16\u00a0po Capitol<sup>\u00ae<\/sup> p\u00e9n\u00e8trent facilement dans les carreaux de vinyle, le linol\u00e9um, le feutre et le bois (y compris le bois franc) gr\u00e2ce \u00e0 des pointes de 60\u00b0. Elles fournissent une r\u00e9sistance de tenu sup\u00e9rieure parce que les pattes virent dans le sens oppos\u00e9.<\/p>\n","protected":false},"featured_media":5691,"template":"","meta":[],"product_brand":[],"product_cat":[283],"product_tag":[],"class_list":{"0":"post-3925","1":"product","2":"type-product","3":"status-publish","4":"has-post-thumbnail","6":"product_cat-agrafes","8":"first","9":"instock","10":"shipping-taxable","11":"product-type-simple"},"_links":{"self":[{"href":"https:\/\/capitolflooringproducts.com\/fr\/wp-json\/wp\/v2\/product\/3925","targetHints":{"allow":["GET"]}}],"collection":[{"href":"https:\/\/capitolflooringproducts.com\/fr\/wp-json\/wp\/v2\/product"}],"about":[{"href":"https:\/\/capitolflooringproducts.com\/fr\/wp-json\/wp\/v2\/types\/product"}],"wp:featuredmedia":[{"embeddable":true,"href":"https:\/\/capitolflooringproducts.com\/fr\/wp-json\/wp\/v2\/media\/5691"}],"wp:attachment":[{"href":"https:\/\/capitolflooringproducts.com\/fr\/wp-json\/wp\/v2\/media?parent=3925"}],"wp:term":[{"taxonomy":"product_brand","embeddable":true,"href":"https:\/\/capitolflooringproducts.com\/fr\/wp-json\/wp\/v2\/product_brand?post=3925"},{"taxonomy":"product_cat","embeddable":true,"href":"https:\/\/capitolflooringproducts.com\/fr\/wp-json\/wp\/v2\/product_cat?post=3925"},{"taxonomy":"product_tag","embeddable":true,"href":"https:\/\/capitolflooringproducts.com\/fr\/wp-json\/wp\/v2\/product_tag?post=3925"}],"curies":[{"name":"wp","href":"https:\/\/api.w.org\/{rel}","templated":true}]}}