{"id":3914,"date":"2026-02-12T17:10:00","date_gmt":"2026-02-12T22:10:00","guid":{"rendered":"https:\/\/capitolflooringproducts.com\/?post_type=product&#038;p=3914"},"modified":"2026-02-13T12:46:33","modified_gmt":"2026-02-13T17:46:33","slug":"ruban-adhesif-a-face-simple-sensible-a-la-pression-142432-12","status":"publish","type":"product","link":"https:\/\/capitolflooringproducts.com\/fr\/produit\/ruban-adhesif-a-face-simple-sensible-a-la-pression-142432-12\/","title":{"rendered":"Ruban adh\u00e9sif \u00e0 face simple sensible \u00e0 la pression"},"content":{"rendered":"","protected":false},"excerpt":{"rendered":"<p>Le ruban adh\u00e9sif \u00e0 une face sensible \u00e0 la pression Capitol<sup>\u00ae<\/sup> permet de joindre les morceaux de moquette dans les endroits \u00e0 faible circulation comme les placards. Ce ruban peut aussi servir aux r\u00e9parations provisoires. Aucune chaleur requise pour l\u2019utilisation, ce qui acc\u00e9l\u00e8re et simplifie l\u2019installation sans recours \u00e0 des fers de thermocollage. L\u2019installation autocollante simplifie les joints entre les morceaux de moquette.<\/p>\n","protected":false},"featured_media":5389,"template":"","meta":[],"product_brand":[],"product_cat":[293],"product_tag":[],"class_list":{"0":"post-3914","1":"product","2":"type-product","3":"status-publish","4":"has-post-thumbnail","6":"product_cat-ruban-a-joints","8":"first","9":"instock","10":"shipping-taxable","11":"product-type-simple"},"_links":{"self":[{"href":"https:\/\/capitolflooringproducts.com\/fr\/wp-json\/wp\/v2\/product\/3914","targetHints":{"allow":["GET"]}}],"collection":[{"href":"https:\/\/capitolflooringproducts.com\/fr\/wp-json\/wp\/v2\/product"}],"about":[{"href":"https:\/\/capitolflooringproducts.com\/fr\/wp-json\/wp\/v2\/types\/product"}],"wp:featuredmedia":[{"embeddable":true,"href":"https:\/\/capitolflooringproducts.com\/fr\/wp-json\/wp\/v2\/media\/5389"}],"wp:attachment":[{"href":"https:\/\/capitolflooringproducts.com\/fr\/wp-json\/wp\/v2\/media?parent=3914"}],"wp:term":[{"taxonomy":"product_brand","embeddable":true,"href":"https:\/\/capitolflooringproducts.com\/fr\/wp-json\/wp\/v2\/product_brand?post=3914"},{"taxonomy":"product_cat","embeddable":true,"href":"https:\/\/capitolflooringproducts.com\/fr\/wp-json\/wp\/v2\/product_cat?post=3914"},{"taxonomy":"product_tag","embeddable":true,"href":"https:\/\/capitolflooringproducts.com\/fr\/wp-json\/wp\/v2\/product_tag?post=3914"}],"curies":[{"name":"wp","href":"https:\/\/api.w.org\/{rel}","templated":true}]}}