{"id":3480,"date":"2026-02-12T17:10:00","date_gmt":"2026-02-12T22:10:00","guid":{"rendered":"https:\/\/capitolflooringproducts.com\/?post_type=product&#038;p=3480"},"modified":"2026-02-13T12:46:39","modified_gmt":"2026-02-13T17:46:39","slug":"couteau-a-tapis-a-lame-fixe-professionnel-110701","status":"publish","type":"product","link":"https:\/\/capitolflooringproducts.com\/fr\/produit\/couteau-a-tapis-a-lame-fixe-professionnel-110701\/","title":{"rendered":"Couteau \u00e0 tapis \u00e0 lame fixe professionnel"},"content":{"rendered":"","protected":false},"excerpt":{"rendered":"<p>Le couteau \u00e0 tapis \u00e0 lame fixe professionnel Capitol<sup>\u00ae<\/sup> est le favori des installateurs professionnels. Il est muni d\u2019une but\u00e9e de pouce pour augmenter la pression et la s\u00e9curit\u00e9, une poign\u00e9e profil\u00e9e antid\u00e9rapante pour une prise ferme, un bouton d\u2019ouverture facile \u00e0 utiliser pour le remplacement rapide de la lame et un rangement de lame int\u00e9gr\u00e9 pour la commodit\u00e9.<\/p>\n","protected":false},"featured_media":5739,"template":"","meta":[],"product_brand":[],"product_cat":[269],"product_tag":[],"class_list":{"0":"post-3480","1":"product","2":"type-product","3":"status-publish","4":"has-post-thumbnail","6":"product_cat-couteaux","8":"first","9":"instock","10":"shipping-taxable","11":"product-type-simple"},"_links":{"self":[{"href":"https:\/\/capitolflooringproducts.com\/fr\/wp-json\/wp\/v2\/product\/3480","targetHints":{"allow":["GET"]}}],"collection":[{"href":"https:\/\/capitolflooringproducts.com\/fr\/wp-json\/wp\/v2\/product"}],"about":[{"href":"https:\/\/capitolflooringproducts.com\/fr\/wp-json\/wp\/v2\/types\/product"}],"wp:featuredmedia":[{"embeddable":true,"href":"https:\/\/capitolflooringproducts.com\/fr\/wp-json\/wp\/v2\/media\/5739"}],"wp:attachment":[{"href":"https:\/\/capitolflooringproducts.com\/fr\/wp-json\/wp\/v2\/media?parent=3480"}],"wp:term":[{"taxonomy":"product_brand","embeddable":true,"href":"https:\/\/capitolflooringproducts.com\/fr\/wp-json\/wp\/v2\/product_brand?post=3480"},{"taxonomy":"product_cat","embeddable":true,"href":"https:\/\/capitolflooringproducts.com\/fr\/wp-json\/wp\/v2\/product_cat?post=3480"},{"taxonomy":"product_tag","embeddable":true,"href":"https:\/\/capitolflooringproducts.com\/fr\/wp-json\/wp\/v2\/product_tag?post=3480"}],"curies":[{"name":"wp","href":"https:\/\/api.w.org\/{rel}","templated":true}]}}