{"id":3474,"date":"2026-02-12T17:10:00","date_gmt":"2026-02-12T22:10:00","guid":{"rendered":"https:\/\/capitolflooringproducts.com\/?post_type=product&#038;p=3474"},"modified":"2026-02-13T12:46:39","modified_gmt":"2026-02-13T17:46:39","slug":"couteau-a-tapis-a-double-usage-110702","status":"publish","type":"product","link":"https:\/\/capitolflooringproducts.com\/fr\/produit\/couteau-a-tapis-a-double-usage-110702\/","title":{"rendered":"Couteau \u00e0 tapis \u00e0 double usage"},"content":{"rendered":"","protected":false},"excerpt":{"rendered":"<p>Le couteau \u00e0 tapis \u00e0 double usage est fabriqu\u00e9 pour couper avec une lame \u00e0 tapis ou une lame tout usage, selon le besoin. Sa conception en instance de brevet comporte une vis de serrage pour le remplacement rapide et sans outil de la lame, et une pi\u00e8ce de plastique retient la lame en place pour la positionner \u00e0 gauche pour les lames \u00e0 tapis et \u00e0 droite pour les lames tout usage. C\u2019est un couteau l\u00e9ger facile \u00e0 man\u0153uvrer lors de la coupe sans trop peser dans la main. Il est dot\u00e9 d\u2019une poign\u00e9e profil\u00e9e pour une prise confortable et d\u2019un rangement des lames de rechange int\u00e9gr\u00e9 \u00e0 la poign\u00e9e.<\/p>\n","protected":false},"featured_media":5724,"template":"","meta":[],"product_brand":[],"product_cat":[269],"product_tag":[],"class_list":{"0":"post-3474","1":"product","2":"type-product","3":"status-publish","4":"has-post-thumbnail","6":"product_cat-couteaux","8":"first","9":"instock","10":"shipping-taxable","11":"product-type-simple"},"_links":{"self":[{"href":"https:\/\/capitolflooringproducts.com\/fr\/wp-json\/wp\/v2\/product\/3474","targetHints":{"allow":["GET"]}}],"collection":[{"href":"https:\/\/capitolflooringproducts.com\/fr\/wp-json\/wp\/v2\/product"}],"about":[{"href":"https:\/\/capitolflooringproducts.com\/fr\/wp-json\/wp\/v2\/types\/product"}],"wp:featuredmedia":[{"embeddable":true,"href":"https:\/\/capitolflooringproducts.com\/fr\/wp-json\/wp\/v2\/media\/5724"}],"wp:attachment":[{"href":"https:\/\/capitolflooringproducts.com\/fr\/wp-json\/wp\/v2\/media?parent=3474"}],"wp:term":[{"taxonomy":"product_brand","embeddable":true,"href":"https:\/\/capitolflooringproducts.com\/fr\/wp-json\/wp\/v2\/product_brand?post=3474"},{"taxonomy":"product_cat","embeddable":true,"href":"https:\/\/capitolflooringproducts.com\/fr\/wp-json\/wp\/v2\/product_cat?post=3474"},{"taxonomy":"product_tag","embeddable":true,"href":"https:\/\/capitolflooringproducts.com\/fr\/wp-json\/wp\/v2\/product_tag?post=3474"}],"curies":[{"name":"wp","href":"https:\/\/api.w.org\/{rel}","templated":true}]}}