{"id":3468,"date":"2026-02-12T17:10:00","date_gmt":"2026-02-12T22:10:00","guid":{"rendered":"https:\/\/capitolflooringproducts.com\/?post_type=product&#038;p=3468"},"modified":"2026-02-13T12:46:38","modified_gmt":"2026-02-13T17:46:38","slug":"palette-de-rentree-de-tapis-non-marquante-110901","status":"publish","type":"product","link":"https:\/\/capitolflooringproducts.com\/fr\/produit\/palette-de-rentree-de-tapis-non-marquante-110901\/","title":{"rendered":"Palette de rentr\u00e9e de tapis non marquante"},"content":{"rendered":"","protected":false},"excerpt":{"rendered":"<p>Le fer \u00e0 tapis non marquant Capitol<sup>\u00ae<\/sup> est fabriqu\u00e9 en nylon l\u00e9ger pour \u00e9viter d\u2019endommager les surfaces peintes ou de marquer les plinthes, les murs, les carreaux de c\u00e9ramique et les m\u00e9taux. Son ar\u00eate double est dot\u00e9e d\u2019une extr\u00e9mit\u00e9 carr\u00e9e pour les coins et d\u2019une extr\u00e9mit\u00e9 arrondie pour les escaliers, et il est parfait pour cr\u00e9er des r\u00e9sultats nets aux transitions et aux murs lors de l\u2019installation ou de la r\u00e9paration.<\/p>\n","protected":false},"featured_media":5709,"template":"","meta":[],"product_brand":[],"product_cat":[271],"product_tag":[],"class_list":{"0":"post-3468","1":"product","2":"type-product","3":"status-publish","4":"has-post-thumbnail","6":"product_cat-rentre-moquette","8":"first","9":"instock","10":"shipping-taxable","11":"product-type-simple"},"_links":{"self":[{"href":"https:\/\/capitolflooringproducts.com\/fr\/wp-json\/wp\/v2\/product\/3468","targetHints":{"allow":["GET"]}}],"collection":[{"href":"https:\/\/capitolflooringproducts.com\/fr\/wp-json\/wp\/v2\/product"}],"about":[{"href":"https:\/\/capitolflooringproducts.com\/fr\/wp-json\/wp\/v2\/types\/product"}],"wp:featuredmedia":[{"embeddable":true,"href":"https:\/\/capitolflooringproducts.com\/fr\/wp-json\/wp\/v2\/media\/5709"}],"wp:attachment":[{"href":"https:\/\/capitolflooringproducts.com\/fr\/wp-json\/wp\/v2\/media?parent=3468"}],"wp:term":[{"taxonomy":"product_brand","embeddable":true,"href":"https:\/\/capitolflooringproducts.com\/fr\/wp-json\/wp\/v2\/product_brand?post=3468"},{"taxonomy":"product_cat","embeddable":true,"href":"https:\/\/capitolflooringproducts.com\/fr\/wp-json\/wp\/v2\/product_cat?post=3468"},{"taxonomy":"product_tag","embeddable":true,"href":"https:\/\/capitolflooringproducts.com\/fr\/wp-json\/wp\/v2\/product_tag?post=3468"}],"curies":[{"name":"wp","href":"https:\/\/api.w.org\/{rel}","templated":true}]}}