{"id":3466,"date":"2026-02-12T17:10:00","date_gmt":"2026-02-12T22:10:00","guid":{"rendered":"https:\/\/capitolflooringproducts.com\/?post_type=product&#038;p=3466"},"modified":"2026-02-13T12:46:38","modified_gmt":"2026-02-13T17:46:38","slug":"adhesif-multiusage-pour-tapis-et-vinyle-en-feuille-mp100-mp100-4","status":"publish","type":"product","link":"https:\/\/capitolflooringproducts.com\/fr\/produit\/adhesif-multiusage-pour-tapis-et-vinyle-en-feuille-mp100-mp100-4\/","title":{"rendered":"Adh\u00e9sif multiusage pour tapis et vinyle en feuille MP100"},"content":{"rendered":"","protected":false},"excerpt":{"rendered":"<p>Le Capitol<sup>\u00ae<\/sup> MP100 est un adh\u00e9sif multiusage \u00e0 base d\u2019eau formul\u00e9 pour l\u2019installation du vinyle en feuille \u00e0 endos feutr\u00e9, du vinyle et de la plupart des moquettes r\u00e9sidentielles ou commerciales \u00e0 usage l\u00e9ger. Son adh\u00e9rence humide est excellente pour les tapis et permet l\u2019alignement des feuilles de vinyle sans arracher l\u2019endos.<\/p>\n","protected":false},"featured_media":5706,"template":"","meta":[],"product_brand":[],"product_cat":[239],"product_tag":[],"class_list":{"0":"post-3466","1":"product","2":"type-product","3":"status-publish","4":"has-post-thumbnail","6":"product_cat-adhesifs-multiusages","8":"first","9":"instock","10":"shipping-taxable","11":"product-type-simple"},"_links":{"self":[{"href":"https:\/\/capitolflooringproducts.com\/fr\/wp-json\/wp\/v2\/product\/3466","targetHints":{"allow":["GET"]}}],"collection":[{"href":"https:\/\/capitolflooringproducts.com\/fr\/wp-json\/wp\/v2\/product"}],"about":[{"href":"https:\/\/capitolflooringproducts.com\/fr\/wp-json\/wp\/v2\/types\/product"}],"wp:featuredmedia":[{"embeddable":true,"href":"https:\/\/capitolflooringproducts.com\/fr\/wp-json\/wp\/v2\/media\/5706"}],"wp:attachment":[{"href":"https:\/\/capitolflooringproducts.com\/fr\/wp-json\/wp\/v2\/media?parent=3466"}],"wp:term":[{"taxonomy":"product_brand","embeddable":true,"href":"https:\/\/capitolflooringproducts.com\/fr\/wp-json\/wp\/v2\/product_brand?post=3466"},{"taxonomy":"product_cat","embeddable":true,"href":"https:\/\/capitolflooringproducts.com\/fr\/wp-json\/wp\/v2\/product_cat?post=3466"},{"taxonomy":"product_tag","embeddable":true,"href":"https:\/\/capitolflooringproducts.com\/fr\/wp-json\/wp\/v2\/product_tag?post=3466"}],"curies":[{"name":"wp","href":"https:\/\/api.w.org\/{rel}","templated":true}]}}