{"id":3460,"date":"2026-02-12T17:10:00","date_gmt":"2026-02-12T22:10:00","guid":{"rendered":"https:\/\/capitolflooringproducts.com\/?post_type=product&#038;p=3460"},"modified":"2026-02-13T12:46:37","modified_gmt":"2026-02-13T17:46:37","slug":"coup-de-genou-compact-110301","status":"publish","type":"product","link":"https:\/\/capitolflooringproducts.com\/fr\/produit\/coup-de-genou-compact-110301\/","title":{"rendered":"Coup de genou compact"},"content":{"rendered":"","protected":false},"excerpt":{"rendered":"<p>Le coup de genou compact Capitol<sup>\u00ae<\/sup> sert \u00e0 serrer et \u00e0 r\u00e9parer les tapis dans les espaces restreints comme les corridors et les placards. Sa prise triple sur les poils retient la moquette fermement en place et puisqu\u2019il n\u2019a pas d\u2019aiguilles, il est parfait pour le tapis \u00e0 poils ras. Le butoir \u00e9pais rempli de mousse et la prise confort matelass\u00e9e antid\u00e9rapante assurent le confort d\u2019utilisation.<\/p>\n","protected":false},"featured_media":5676,"template":"","meta":[],"product_brand":[],"product_cat":[263],"product_tag":[],"class_list":{"0":"post-3460","1":"product","2":"type-product","3":"status-publish","4":"has-post-thumbnail","6":"product_cat-coups-de-genou","8":"first","9":"instock","10":"shipping-taxable","11":"product-type-simple"},"_links":{"self":[{"href":"https:\/\/capitolflooringproducts.com\/fr\/wp-json\/wp\/v2\/product\/3460","targetHints":{"allow":["GET"]}}],"collection":[{"href":"https:\/\/capitolflooringproducts.com\/fr\/wp-json\/wp\/v2\/product"}],"about":[{"href":"https:\/\/capitolflooringproducts.com\/fr\/wp-json\/wp\/v2\/types\/product"}],"wp:featuredmedia":[{"embeddable":true,"href":"https:\/\/capitolflooringproducts.com\/fr\/wp-json\/wp\/v2\/media\/5676"}],"wp:attachment":[{"href":"https:\/\/capitolflooringproducts.com\/fr\/wp-json\/wp\/v2\/media?parent=3460"}],"wp:term":[{"taxonomy":"product_brand","embeddable":true,"href":"https:\/\/capitolflooringproducts.com\/fr\/wp-json\/wp\/v2\/product_brand?post=3460"},{"taxonomy":"product_cat","embeddable":true,"href":"https:\/\/capitolflooringproducts.com\/fr\/wp-json\/wp\/v2\/product_cat?post=3460"},{"taxonomy":"product_tag","embeddable":true,"href":"https:\/\/capitolflooringproducts.com\/fr\/wp-json\/wp\/v2\/product_tag?post=3460"}],"curies":[{"name":"wp","href":"https:\/\/api.w.org\/{rel}","templated":true}]}}