{"id":3452,"date":"2026-02-12T17:10:00","date_gmt":"2026-02-12T22:10:00","guid":{"rendered":"https:\/\/capitolflooringproducts.com\/?post_type=product&#038;p=3452"},"modified":"2026-02-13T12:46:37","modified_gmt":"2026-02-13T17:46:37","slug":"coup-de-genou-professionnel-a-profil-haut-110300","status":"publish","type":"product","link":"https:\/\/capitolflooringproducts.com\/fr\/produit\/coup-de-genou-professionnel-a-profil-haut-110300\/","title":{"rendered":"Coup de genou professionnel \u00e0 profil haut"},"content":{"rendered":"","protected":false},"excerpt":{"rendered":"<p>Le coup de genou professionnel \u00e0 profil haut Capitol<sup>\u00ae<\/sup> est muni d\u2019un butoir en gel et en mousse extra \u00e9paisse et d\u2019une poign\u00e9e molet\u00e9e antid\u00e9rapante. Sa conception \u00e0 profil haut procure un d\u00e9gagement au-dessus des t\u00eates d\u2019\u00e9tirement et la g\u00e2chette permet le r\u00e9glage rapide de 17,9\u00a0\u00e0 20,9\u00a0po.<\/p>\n","protected":false},"featured_media":5658,"template":"","meta":[],"product_brand":[],"product_cat":[263],"product_tag":[],"class_list":{"0":"post-3452","1":"product","2":"type-product","3":"status-publish","4":"has-post-thumbnail","6":"product_cat-coups-de-genou","8":"first","9":"instock","10":"shipping-taxable","11":"product-type-simple"},"_links":{"self":[{"href":"https:\/\/capitolflooringproducts.com\/fr\/wp-json\/wp\/v2\/product\/3452","targetHints":{"allow":["GET"]}}],"collection":[{"href":"https:\/\/capitolflooringproducts.com\/fr\/wp-json\/wp\/v2\/product"}],"about":[{"href":"https:\/\/capitolflooringproducts.com\/fr\/wp-json\/wp\/v2\/types\/product"}],"wp:featuredmedia":[{"embeddable":true,"href":"https:\/\/capitolflooringproducts.com\/fr\/wp-json\/wp\/v2\/media\/5658"}],"wp:attachment":[{"href":"https:\/\/capitolflooringproducts.com\/fr\/wp-json\/wp\/v2\/media?parent=3452"}],"wp:term":[{"taxonomy":"product_brand","embeddable":true,"href":"https:\/\/capitolflooringproducts.com\/fr\/wp-json\/wp\/v2\/product_brand?post=3452"},{"taxonomy":"product_cat","embeddable":true,"href":"https:\/\/capitolflooringproducts.com\/fr\/wp-json\/wp\/v2\/product_cat?post=3452"},{"taxonomy":"product_tag","embeddable":true,"href":"https:\/\/capitolflooringproducts.com\/fr\/wp-json\/wp\/v2\/product_tag?post=3452"}],"curies":[{"name":"wp","href":"https:\/\/api.w.org\/{rel}","templated":true}]}}