{"id":3446,"date":"2026-05-06T17:29:00","date_gmt":"2026-05-06T21:29:00","guid":{"rendered":"https:\/\/capitolflooringproducts.com\/?post_type=product&#038;p=3446"},"modified":"2026-05-08T13:59:17","modified_gmt":"2026-05-08T17:59:17","slug":"fer-a-joints-thermocolles-110400","status":"publish","type":"product","link":"https:\/\/capitolflooringproducts.com\/fr\/produit\/fer-a-joints-thermocolles-110400\/","title":{"rendered":"Fer \u00e0 joints thermocoll\u00e9s"},"content":{"rendered":"","protected":false},"excerpt":{"rendered":"<p>\u00c9lanc\u00e9 et \u00e0 profil bas, le fer \u00e0 joints thermocoll\u00e9s Capitol<sup>\u00ae<\/sup> assure une r\u00e9partition uniforme de la chaleur pour fondre la colle compl\u00e8tement et faciliter le jointage de la moquette. Le thermostat r\u00e9glable et le pare-chaleur fournissent la chaleur parfaite pour coller le ruban adh\u00e9sif tout en prot\u00e9geant la moquette de la temp\u00e9rature \u00e9lev\u00e9e.<\/p>\n","protected":false},"featured_media":7835,"template":"","meta":[],"product_brand":[],"product_cat":[291],"product_tag":[],"class_list":{"0":"post-3446","1":"product","2":"type-product","3":"status-publish","4":"has-post-thumbnail","6":"product_cat-fers","8":"first","9":"instock","10":"shipping-taxable","11":"product-type-simple"},"_links":{"self":[{"href":"https:\/\/capitolflooringproducts.com\/fr\/wp-json\/wp\/v2\/product\/3446","targetHints":{"allow":["GET"]}}],"collection":[{"href":"https:\/\/capitolflooringproducts.com\/fr\/wp-json\/wp\/v2\/product"}],"about":[{"href":"https:\/\/capitolflooringproducts.com\/fr\/wp-json\/wp\/v2\/types\/product"}],"wp:featuredmedia":[{"embeddable":true,"href":"https:\/\/capitolflooringproducts.com\/fr\/wp-json\/wp\/v2\/media\/7835"}],"wp:attachment":[{"href":"https:\/\/capitolflooringproducts.com\/fr\/wp-json\/wp\/v2\/media?parent=3446"}],"wp:term":[{"taxonomy":"product_brand","embeddable":true,"href":"https:\/\/capitolflooringproducts.com\/fr\/wp-json\/wp\/v2\/product_brand?post=3446"},{"taxonomy":"product_cat","embeddable":true,"href":"https:\/\/capitolflooringproducts.com\/fr\/wp-json\/wp\/v2\/product_cat?post=3446"},{"taxonomy":"product_tag","embeddable":true,"href":"https:\/\/capitolflooringproducts.com\/fr\/wp-json\/wp\/v2\/product_tag?post=3446"}],"curies":[{"name":"wp","href":"https:\/\/api.w.org\/{rel}","templated":true}]}}