{"id":3434,"date":"2026-02-12T17:10:00","date_gmt":"2026-02-12T22:10:00","guid":{"rendered":"https:\/\/capitolflooringproducts.com\/?post_type=product&#038;p=3434"},"modified":"2026-02-13T12:46:36","modified_gmt":"2026-02-13T17:46:36","slug":"coupe-tapis-universel-110552","status":"publish","type":"product","link":"https:\/\/capitolflooringproducts.com\/fr\/produit\/coupe-tapis-universel-110552\/","title":{"rendered":"Coupe-tapis universel"},"content":{"rendered":"","protected":false},"excerpt":{"rendered":"<p>Le couteau \u00e0 tapis universel Capitol<sup>\u00ae<\/sup> est con\u00e7u pour le coupage par le haut et le bas. Sa construction monopi\u00e8ce en nylon robuste offre un rendement durable et la robustesse, ainsi qu\u2019un m\u00e9canisme \u00e0 d\u00e9gagement rapide de la lame pour la remplacer rapidement.<\/p>\n","protected":false},"featured_media":5597,"template":"","meta":[],"product_brand":[],"product_cat":[255],"product_tag":[],"class_list":{"0":"post-3434","1":"product","2":"type-product","3":"status-publish","4":"has-post-thumbnail","6":"product_cat-outils-de-coupage","8":"first","9":"instock","10":"shipping-taxable","11":"product-type-simple"},"_links":{"self":[{"href":"https:\/\/capitolflooringproducts.com\/fr\/wp-json\/wp\/v2\/product\/3434","targetHints":{"allow":["GET"]}}],"collection":[{"href":"https:\/\/capitolflooringproducts.com\/fr\/wp-json\/wp\/v2\/product"}],"about":[{"href":"https:\/\/capitolflooringproducts.com\/fr\/wp-json\/wp\/v2\/types\/product"}],"wp:featuredmedia":[{"embeddable":true,"href":"https:\/\/capitolflooringproducts.com\/fr\/wp-json\/wp\/v2\/media\/5597"}],"wp:attachment":[{"href":"https:\/\/capitolflooringproducts.com\/fr\/wp-json\/wp\/v2\/media?parent=3434"}],"wp:term":[{"taxonomy":"product_brand","embeddable":true,"href":"https:\/\/capitolflooringproducts.com\/fr\/wp-json\/wp\/v2\/product_brand?post=3434"},{"taxonomy":"product_cat","embeddable":true,"href":"https:\/\/capitolflooringproducts.com\/fr\/wp-json\/wp\/v2\/product_cat?post=3434"},{"taxonomy":"product_tag","embeddable":true,"href":"https:\/\/capitolflooringproducts.com\/fr\/wp-json\/wp\/v2\/product_tag?post=3434"}],"curies":[{"name":"wp","href":"https:\/\/api.w.org\/{rel}","templated":true}]}}