{"id":3422,"date":"2026-02-12T17:10:00","date_gmt":"2026-02-12T22:10:00","guid":{"rendered":"https:\/\/capitolflooringproducts.com\/?post_type=product&#038;p=3422"},"modified":"2026-02-13T12:46:35","modified_gmt":"2026-02-13T17:46:35","slug":"ruban-adhesif-a-double-face-sensible-a-la-pression-142015","status":"publish","type":"product","link":"https:\/\/capitolflooringproducts.com\/fr\/produit\/ruban-adhesif-a-double-face-sensible-a-la-pression-142015\/","title":{"rendered":"Ruban adh\u00e9sif \u00e0 double face sensible \u00e0 la pression"},"content":{"rendered":"","protected":false},"excerpt":{"rendered":"<p>Le ruban \u00e0 deux faces sensible \u00e0 la pression Capitol<sup>\u00ae<\/sup> comprend un adh\u00e9sif puissant qui cr\u00e9e un lien robuste entre l\u2019endos de la moquette et la surface du plancher.  Ce ruban ne n\u00e9cessite aucune chaleur ou l\u2019utilisation de fers de thermocollage et il est plus propre que les adh\u00e9sifs thermocoll\u00e9s standard. Il suffit d\u2019enlever l\u2019endos protecteur et de presser pour joindre deux morceaux de tapis et r\u00e9duire le temps d\u2019installation. Il peut \u00eatre utilis\u00e9 pour les r\u00e9parations provisoires de moquette d\u2019int\u00e9rieur ou d\u2019ext\u00e9rieur.<\/p>\n","protected":false},"featured_media":5567,"template":"","meta":[],"product_brand":[],"product_cat":[293],"product_tag":[],"class_list":{"0":"post-3422","1":"product","2":"type-product","3":"status-publish","4":"has-post-thumbnail","6":"product_cat-ruban-a-joints","8":"first","9":"instock","10":"shipping-taxable","11":"product-type-simple"},"_links":{"self":[{"href":"https:\/\/capitolflooringproducts.com\/fr\/wp-json\/wp\/v2\/product\/3422","targetHints":{"allow":["GET"]}}],"collection":[{"href":"https:\/\/capitolflooringproducts.com\/fr\/wp-json\/wp\/v2\/product"}],"about":[{"href":"https:\/\/capitolflooringproducts.com\/fr\/wp-json\/wp\/v2\/types\/product"}],"wp:featuredmedia":[{"embeddable":true,"href":"https:\/\/capitolflooringproducts.com\/fr\/wp-json\/wp\/v2\/media\/5567"}],"wp:attachment":[{"href":"https:\/\/capitolflooringproducts.com\/fr\/wp-json\/wp\/v2\/media?parent=3422"}],"wp:term":[{"taxonomy":"product_brand","embeddable":true,"href":"https:\/\/capitolflooringproducts.com\/fr\/wp-json\/wp\/v2\/product_brand?post=3422"},{"taxonomy":"product_cat","embeddable":true,"href":"https:\/\/capitolflooringproducts.com\/fr\/wp-json\/wp\/v2\/product_cat?post=3422"},{"taxonomy":"product_tag","embeddable":true,"href":"https:\/\/capitolflooringproducts.com\/fr\/wp-json\/wp\/v2\/product_tag?post=3422"}],"curies":[{"name":"wp","href":"https:\/\/api.w.org\/{rel}","templated":true}]}}