{"id":3416,"date":"2026-05-06T17:29:00","date_gmt":"2026-05-06T21:29:00","guid":{"rendered":"https:\/\/capitolflooringproducts.com\/?post_type=product&#038;p=3416"},"modified":"2026-05-08T13:59:13","modified_gmt":"2026-05-08T17:59:13","slug":"couteau-pour-tapis-lvt-tout-usage-3-en-1-110700","status":"publish","type":"product","link":"https:\/\/capitolflooringproducts.com\/fr\/produit\/couteau-pour-tapis-lvt-tout-usage-3-en-1-110700\/","title":{"rendered":"Couteau pour tapis, LVT tout usage 3-en-1"},"content":{"rendered":"","protected":false},"excerpt":{"rendered":"<p>Le couteau 3-en-1 pour moquette, LVT et tout usage est privil\u00e9gi\u00e9 pour sa polyvalence. Gr\u00e2ce au changement rapide de la lame, il peut servir \u00e0 installer du tapis ou du LVT\/LVP, ou comme couteau tout usage pour couper la ficelle et le carton. Il est muni d\u2019un insert brevet\u00e9 avec 3 possibilit\u00e9s de positionnement selon le type de lame et l\u2019usage pr\u00e9vu. La position\u00a01 r\u00e8gle l\u2019insert m\u00e9tallique pour l\u2019utilisation avec une lame \u00e0 moquette. L\u2019inversion de l\u2019insert m\u00e9tallique permet de l\u2019utiliser avec une lame tout usage. La position\u00a02 sert pour le LVT\/LVP et la position\u00a03 sert pour l\u2019utilisation comme couteau tout usage. La poign\u00e9e confort moul\u00e9e et la prise d\u2019annulaire augmentent l\u2019effet de levier et la puissance de traction. Il comprend le rangement de lame dans le manche pour une commodit\u00e9 accrue.<\/p>\n","protected":false},"featured_media":5552,"template":"","meta":[],"product_brand":[],"product_cat":[269],"product_tag":[],"class_list":{"0":"post-3416","1":"product","2":"type-product","3":"status-publish","4":"has-post-thumbnail","6":"product_cat-couteaux","8":"first","9":"instock","10":"shipping-taxable","11":"product-type-simple"},"_links":{"self":[{"href":"https:\/\/capitolflooringproducts.com\/fr\/wp-json\/wp\/v2\/product\/3416","targetHints":{"allow":["GET"]}}],"collection":[{"href":"https:\/\/capitolflooringproducts.com\/fr\/wp-json\/wp\/v2\/product"}],"about":[{"href":"https:\/\/capitolflooringproducts.com\/fr\/wp-json\/wp\/v2\/types\/product"}],"wp:featuredmedia":[{"embeddable":true,"href":"https:\/\/capitolflooringproducts.com\/fr\/wp-json\/wp\/v2\/media\/5552"}],"wp:attachment":[{"href":"https:\/\/capitolflooringproducts.com\/fr\/wp-json\/wp\/v2\/media?parent=3416"}],"wp:term":[{"taxonomy":"product_brand","embeddable":true,"href":"https:\/\/capitolflooringproducts.com\/fr\/wp-json\/wp\/v2\/product_brand?post=3416"},{"taxonomy":"product_cat","embeddable":true,"href":"https:\/\/capitolflooringproducts.com\/fr\/wp-json\/wp\/v2\/product_cat?post=3416"},{"taxonomy":"product_tag","embeddable":true,"href":"https:\/\/capitolflooringproducts.com\/fr\/wp-json\/wp\/v2\/product_tag?post=3416"}],"curies":[{"name":"wp","href":"https:\/\/api.w.org\/{rel}","templated":true}]}}