{"id":3410,"date":"2026-02-12T17:10:00","date_gmt":"2026-02-12T22:10:00","guid":{"rendered":"https:\/\/capitolflooringproducts.com\/?post_type=product&#038;p=3410"},"modified":"2026-02-13T12:46:35","modified_gmt":"2026-02-13T17:46:35","slug":"rouleau-de-joint-de-velours-boucle-a-roues-en-etoile-110801","status":"publish","type":"product","link":"https:\/\/capitolflooringproducts.com\/fr\/produit\/rouleau-de-joint-de-velours-boucle-a-roues-en-etoile-110801\/","title":{"rendered":"Rouleau de joint de velours boucl\u00e9 \u00e0 roues en \u00e9toile"},"content":{"rendered":"","protected":false},"excerpt":{"rendered":"<p>Le rouleau de joint de velours boucl\u00e9 \u00e0 roues en \u00e9toile Capitol<sup>\u00ae<\/sup> est sp\u00e9cialement con\u00e7u pour les joints dans les moquettes \u00e0 velours boucl\u00e9 et berb\u00e8re. Il est muni de roues en \u00e9toiles afin de maximiser l\u2019adh\u00e9rence du ruban thermocoll\u00e9 \u00e0 la moquette et produire des joints plus r\u00e9sistants. Il poss\u00e8de un manche long avec une poign\u00e9e allong\u00e9e avec un cadre en acier robuste pour procurer un effet de levier optimal et la durabilit\u00e9. Brevet am\u00e9ricain no 1,082,193.<\/p>\n","protected":false},"featured_media":5521,"template":"","meta":[],"product_brand":[],"product_cat":[273],"product_tag":[],"class_list":{"0":"post-3410","1":"product","2":"type-product","3":"status-publish","4":"has-post-thumbnail","6":"product_cat-rouleaux","8":"first","9":"instock","10":"shipping-taxable","11":"product-type-simple"},"_links":{"self":[{"href":"https:\/\/capitolflooringproducts.com\/fr\/wp-json\/wp\/v2\/product\/3410","targetHints":{"allow":["GET"]}}],"collection":[{"href":"https:\/\/capitolflooringproducts.com\/fr\/wp-json\/wp\/v2\/product"}],"about":[{"href":"https:\/\/capitolflooringproducts.com\/fr\/wp-json\/wp\/v2\/types\/product"}],"wp:featuredmedia":[{"embeddable":true,"href":"https:\/\/capitolflooringproducts.com\/fr\/wp-json\/wp\/v2\/media\/5521"}],"wp:attachment":[{"href":"https:\/\/capitolflooringproducts.com\/fr\/wp-json\/wp\/v2\/media?parent=3410"}],"wp:term":[{"taxonomy":"product_brand","embeddable":true,"href":"https:\/\/capitolflooringproducts.com\/fr\/wp-json\/wp\/v2\/product_brand?post=3410"},{"taxonomy":"product_cat","embeddable":true,"href":"https:\/\/capitolflooringproducts.com\/fr\/wp-json\/wp\/v2\/product_cat?post=3410"},{"taxonomy":"product_tag","embeddable":true,"href":"https:\/\/capitolflooringproducts.com\/fr\/wp-json\/wp\/v2\/product_tag?post=3410"}],"curies":[{"name":"wp","href":"https:\/\/api.w.org\/{rel}","templated":true}]}}