{"id":3405,"date":"2026-02-12T17:10:00","date_gmt":"2026-02-12T22:10:00","guid":{"rendered":"https:\/\/capitolflooringproducts.com\/?post_type=product&#038;p=3405"},"modified":"2026-02-13T12:46:35","modified_gmt":"2026-02-13T17:46:35","slug":"ruban-de-joint-thermocolle-blueline-142011","status":"publish","type":"product","link":"https:\/\/capitolflooringproducts.com\/fr\/produit\/ruban-de-joint-thermocolle-blueline-142011\/","title":{"rendered":"Ruban de joint thermocoll\u00e9 Blueline"},"content":{"rendered":"","protected":false},"excerpt":{"rendered":"<p>Le ruban \u00e0 joint de tapis \u00e0 thermocolle Blueline de Capitol<sup>\u00ae<\/sup> est un ruban joint de qualit\u00e9 entrepreneur parfait pour l\u2019installation de tapis \u00e0 circulation l\u00e9g\u00e8re \u00e0 moyenne dans les milieux commerciaux et r\u00e9sidentiels. \u00c0 faible fum\u00e9e et sans odeur, le ruban Blueline est un adh\u00e9sif thermocoll\u00e9 respectueux de l\u2019environnement.<\/p>\n","protected":false},"featured_media":5509,"template":"","meta":[],"product_brand":[],"product_cat":[289],"product_tag":[],"class_list":{"0":"post-3405","1":"product","2":"type-product","3":"status-publish","4":"has-post-thumbnail","6":"product_cat-rubans-thermiques","8":"first","9":"instock","10":"shipping-taxable","11":"product-type-simple"},"_links":{"self":[{"href":"https:\/\/capitolflooringproducts.com\/fr\/wp-json\/wp\/v2\/product\/3405","targetHints":{"allow":["GET"]}}],"collection":[{"href":"https:\/\/capitolflooringproducts.com\/fr\/wp-json\/wp\/v2\/product"}],"about":[{"href":"https:\/\/capitolflooringproducts.com\/fr\/wp-json\/wp\/v2\/types\/product"}],"wp:featuredmedia":[{"embeddable":true,"href":"https:\/\/capitolflooringproducts.com\/fr\/wp-json\/wp\/v2\/media\/5509"}],"wp:attachment":[{"href":"https:\/\/capitolflooringproducts.com\/fr\/wp-json\/wp\/v2\/media?parent=3405"}],"wp:term":[{"taxonomy":"product_brand","embeddable":true,"href":"https:\/\/capitolflooringproducts.com\/fr\/wp-json\/wp\/v2\/product_brand?post=3405"},{"taxonomy":"product_cat","embeddable":true,"href":"https:\/\/capitolflooringproducts.com\/fr\/wp-json\/wp\/v2\/product_cat?post=3405"},{"taxonomy":"product_tag","embeddable":true,"href":"https:\/\/capitolflooringproducts.com\/fr\/wp-json\/wp\/v2\/product_tag?post=3405"}],"curies":[{"name":"wp","href":"https:\/\/api.w.org\/{rel}","templated":true}]}}