{"id":3399,"date":"2026-02-12T17:10:00","date_gmt":"2026-02-12T22:10:00","guid":{"rendered":"https:\/\/capitolflooringproducts.com\/?post_type=product&#038;p=3399"},"modified":"2026-02-13T12:46:35","modified_gmt":"2026-02-13T17:46:35","slug":"couteau-incline-pour-sous-tapis-et-sous-couche-110703","status":"publish","type":"product","link":"https:\/\/capitolflooringproducts.com\/fr\/produit\/couteau-incline-pour-sous-tapis-et-sous-couche-110703\/","title":{"rendered":"Couteau inclin\u00e9 pour sous-tapis et sous-couche"},"content":{"rendered":"","protected":false},"excerpt":{"rendered":"<p>Le couteau inclin\u00e9 pour sous-tapis et sous-couche Capitol<sup>\u00ae<\/sup> est con\u00e7u avec la lame inclin\u00e9e \u00e0 10\u00a0degr\u00e9s pour produire des coupes nettes et il est parfait pour l\u2019installation de moquette et de sous-couche. Il est muni d\u2019une vis de serrage pour le remplacement sans outil de la lame et d\u2019un rangement de lames int\u00e9gr\u00e9 pour la commodit\u00e9.<\/p>\n","protected":false},"featured_media":5494,"template":"","meta":[],"product_brand":[],"product_cat":[269],"product_tag":[],"class_list":{"0":"post-3399","1":"product","2":"type-product","3":"status-publish","4":"has-post-thumbnail","6":"product_cat-couteaux","8":"first","9":"instock","10":"shipping-taxable","11":"product-type-simple"},"_links":{"self":[{"href":"https:\/\/capitolflooringproducts.com\/fr\/wp-json\/wp\/v2\/product\/3399","targetHints":{"allow":["GET"]}}],"collection":[{"href":"https:\/\/capitolflooringproducts.com\/fr\/wp-json\/wp\/v2\/product"}],"about":[{"href":"https:\/\/capitolflooringproducts.com\/fr\/wp-json\/wp\/v2\/types\/product"}],"wp:featuredmedia":[{"embeddable":true,"href":"https:\/\/capitolflooringproducts.com\/fr\/wp-json\/wp\/v2\/media\/5494"}],"wp:attachment":[{"href":"https:\/\/capitolflooringproducts.com\/fr\/wp-json\/wp\/v2\/media?parent=3399"}],"wp:term":[{"taxonomy":"product_brand","embeddable":true,"href":"https:\/\/capitolflooringproducts.com\/fr\/wp-json\/wp\/v2\/product_brand?post=3399"},{"taxonomy":"product_cat","embeddable":true,"href":"https:\/\/capitolflooringproducts.com\/fr\/wp-json\/wp\/v2\/product_cat?post=3399"},{"taxonomy":"product_tag","embeddable":true,"href":"https:\/\/capitolflooringproducts.com\/fr\/wp-json\/wp\/v2\/product_tag?post=3399"}],"curies":[{"name":"wp","href":"https:\/\/api.w.org\/{rel}","templated":true}]}}