{"id":3387,"date":"2026-02-12T17:10:00","date_gmt":"2026-02-12T22:10:00","guid":{"rendered":"https:\/\/capitolflooringproducts.com\/?post_type=product&#038;p=3387"},"modified":"2026-02-13T12:46:34","modified_gmt":"2026-02-13T17:46:34","slug":"plombs-a-picot-a-endos-collant-a-double-usage-120014","status":"publish","type":"product","link":"https:\/\/capitolflooringproducts.com\/fr\/produit\/plombs-a-picot-a-endos-collant-a-double-usage-120014\/","title":{"rendered":"Plombs \u00e0 picot \u00e0 endos collant \u00e0 double usage"},"content":{"rendered":"","protected":false},"excerpt":{"rendered":"<p>Le plomb \u00e0 picot autocollant Capitol<sup>\u00ae<\/sup> de 7\/8\u00a0po \u00e0 double usage est muni d\u2019un endos adh\u00e9sif r\u00e9sistant pour la retenir solidement sur le sous-plancher. Con\u00e7ue pour acc\u00e9l\u00e9rer et faciliter l\u2019installation de moquette, ce plomb \u00e0 picot agrippe instantan\u00e9ment la moquette afin de permettre l\u2019\u00e9tirement et peut r\u00e9sister \u00e0 l\u2019\u00e9tirement motoris\u00e9 standard.<\/p>\n","protected":false},"featured_media":5479,"template":"","meta":[],"product_brand":[],"product_cat":[285],"product_tag":[],"class_list":{"0":"post-3387","1":"product","2":"type-product","3":"status-publish","4":"has-post-thumbnail","6":"product_cat-plomb-a-picot","8":"first","9":"instock","10":"shipping-taxable","11":"product-type-simple"},"_links":{"self":[{"href":"https:\/\/capitolflooringproducts.com\/fr\/wp-json\/wp\/v2\/product\/3387","targetHints":{"allow":["GET"]}}],"collection":[{"href":"https:\/\/capitolflooringproducts.com\/fr\/wp-json\/wp\/v2\/product"}],"about":[{"href":"https:\/\/capitolflooringproducts.com\/fr\/wp-json\/wp\/v2\/types\/product"}],"wp:featuredmedia":[{"embeddable":true,"href":"https:\/\/capitolflooringproducts.com\/fr\/wp-json\/wp\/v2\/media\/5479"}],"wp:attachment":[{"href":"https:\/\/capitolflooringproducts.com\/fr\/wp-json\/wp\/v2\/media?parent=3387"}],"wp:term":[{"taxonomy":"product_brand","embeddable":true,"href":"https:\/\/capitolflooringproducts.com\/fr\/wp-json\/wp\/v2\/product_brand?post=3387"},{"taxonomy":"product_cat","embeddable":true,"href":"https:\/\/capitolflooringproducts.com\/fr\/wp-json\/wp\/v2\/product_cat?post=3387"},{"taxonomy":"product_tag","embeddable":true,"href":"https:\/\/capitolflooringproducts.com\/fr\/wp-json\/wp\/v2\/product_tag?post=3387"}],"curies":[{"name":"wp","href":"https:\/\/api.w.org\/{rel}","templated":true}]}}