{"id":3375,"date":"2026-02-12T17:10:00","date_gmt":"2026-02-12T22:10:00","guid":{"rendered":"https:\/\/capitolflooringproducts.com\/?post_type=product&#038;p=3375"},"modified":"2026-02-13T12:46:33","modified_gmt":"2026-02-13T17:46:33","slug":"genouilleres-professionnelles-pour-revetements-de-sol-avec-larges-sangles-sans-pincement-110100","status":"publish","type":"product","link":"https:\/\/capitolflooringproducts.com\/fr\/produit\/genouilleres-professionnelles-pour-revetements-de-sol-avec-larges-sangles-sans-pincement-110100\/","title":{"rendered":"Genouill\u00e8res professionnelles pour rev\u00eatements de sol avec larges sangles sans pincement"},"content":{"rendered":"","protected":false},"excerpt":{"rendered":"<p>Con\u00e7ues pour les installateurs, les genouill\u00e8res pour rev\u00eatement de sol professionnelles Capitol procurent une protection et un matelassage sup\u00e9rieurs, et supportent les genoux. Pour les tenir en place, elles sont munies de sangles larges et souples en n\u00e9opr\u00e8ne de qualit\u00e9 sup\u00e9rieure qui ne pincent pas, et la sangle sup\u00e9rieure rembourr\u00e9e est sp\u00e9cialement con\u00e7ue pour l\u2019utilisation d\u2019un coup de genou.<\/p>\n","protected":false},"featured_media":8403,"template":"","meta":[],"product_brand":[],"product_cat":[265],"product_tag":[],"class_list":{"0":"post-3375","1":"product","2":"type-product","3":"status-publish","4":"has-post-thumbnail","6":"product_cat-genouilleres","8":"first","9":"instock","10":"shipping-taxable","11":"product-type-simple"},"_links":{"self":[{"href":"https:\/\/capitolflooringproducts.com\/fr\/wp-json\/wp\/v2\/product\/3375","targetHints":{"allow":["GET"]}}],"collection":[{"href":"https:\/\/capitolflooringproducts.com\/fr\/wp-json\/wp\/v2\/product"}],"about":[{"href":"https:\/\/capitolflooringproducts.com\/fr\/wp-json\/wp\/v2\/types\/product"}],"wp:featuredmedia":[{"embeddable":true,"href":"https:\/\/capitolflooringproducts.com\/fr\/wp-json\/wp\/v2\/media\/8403"}],"wp:attachment":[{"href":"https:\/\/capitolflooringproducts.com\/fr\/wp-json\/wp\/v2\/media?parent=3375"}],"wp:term":[{"taxonomy":"product_brand","embeddable":true,"href":"https:\/\/capitolflooringproducts.com\/fr\/wp-json\/wp\/v2\/product_brand?post=3375"},{"taxonomy":"product_cat","embeddable":true,"href":"https:\/\/capitolflooringproducts.com\/fr\/wp-json\/wp\/v2\/product_cat?post=3375"},{"taxonomy":"product_tag","embeddable":true,"href":"https:\/\/capitolflooringproducts.com\/fr\/wp-json\/wp\/v2\/product_tag?post=3375"}],"curies":[{"name":"wp","href":"https:\/\/api.w.org\/{rel}","templated":true}]}}