{"id":3363,"date":"2026-02-12T17:10:00","date_gmt":"2026-02-12T22:10:00","guid":{"rendered":"https:\/\/capitolflooringproducts.com\/?post_type=product&#038;p=3363"},"modified":"2026-02-13T12:46:33","modified_gmt":"2026-02-13T17:46:33","slug":"couteau-a-tapis-a-velours-boucle-professionnel-110550","status":"publish","type":"product","link":"https:\/\/capitolflooringproducts.com\/fr\/produit\/couteau-a-tapis-a-velours-boucle-professionnel-110550\/","title":{"rendered":"Couteau \u00e0 tapis \u00e0 velours boucl\u00e9 professionnel"},"content":{"rendered":"","protected":false},"excerpt":{"rendered":"<p>Le taille-tapis \u00e0 velours boucl\u00e9 professionnel Capitol<sup>\u00ae<\/sup> est con\u00e7u pour couper toutes les \u00e9paisseurs de moquette \u00e0 velours boucl\u00e9 et pour d\u00e9couper le tapis de mani\u00e8re facile et pr\u00e9cise. La conception \u00e0 deux lames permet le coupage vers la droite ou la gauche et la poign\u00e9e ergonomique am\u00e9liore le confort et le contr\u00f4le.<\/p>\n","protected":false},"featured_media":5404,"template":"","meta":[],"product_brand":[],"product_cat":[255],"product_tag":[],"class_list":{"0":"post-3363","1":"product","2":"type-product","3":"status-publish","4":"has-post-thumbnail","6":"product_cat-outils-de-coupage","8":"first","9":"instock","10":"shipping-taxable","11":"product-type-simple"},"_links":{"self":[{"href":"https:\/\/capitolflooringproducts.com\/fr\/wp-json\/wp\/v2\/product\/3363","targetHints":{"allow":["GET"]}}],"collection":[{"href":"https:\/\/capitolflooringproducts.com\/fr\/wp-json\/wp\/v2\/product"}],"about":[{"href":"https:\/\/capitolflooringproducts.com\/fr\/wp-json\/wp\/v2\/types\/product"}],"wp:featuredmedia":[{"embeddable":true,"href":"https:\/\/capitolflooringproducts.com\/fr\/wp-json\/wp\/v2\/media\/5404"}],"wp:attachment":[{"href":"https:\/\/capitolflooringproducts.com\/fr\/wp-json\/wp\/v2\/media?parent=3363"}],"wp:term":[{"taxonomy":"product_brand","embeddable":true,"href":"https:\/\/capitolflooringproducts.com\/fr\/wp-json\/wp\/v2\/product_brand?post=3363"},{"taxonomy":"product_cat","embeddable":true,"href":"https:\/\/capitolflooringproducts.com\/fr\/wp-json\/wp\/v2\/product_cat?post=3363"},{"taxonomy":"product_tag","embeddable":true,"href":"https:\/\/capitolflooringproducts.com\/fr\/wp-json\/wp\/v2\/product_tag?post=3363"}],"curies":[{"name":"wp","href":"https:\/\/api.w.org\/{rel}","templated":true}]}}