{"id":3357,"date":"2026-02-12T17:10:00","date_gmt":"2026-02-12T22:10:00","guid":{"rendered":"https:\/\/capitolflooringproducts.com\/?post_type=product&#038;p=3357"},"modified":"2026-02-13T12:46:33","modified_gmt":"2026-02-13T17:46:33","slug":"latte-de-fixation-pour-tapis-a-double-usage-pour-bois-et-beton-120011","status":"publish","type":"product","link":"https:\/\/capitolflooringproducts.com\/fr\/produit\/latte-de-fixation-pour-tapis-a-double-usage-pour-bois-et-beton-120011\/","title":{"rendered":"Latte de fixation pour tapis \u00e0 double usage pour bois et b\u00e9ton"},"content":{"rendered":"","protected":false},"excerpt":{"rendered":"<p>Le plomb \u00e0 picot Capitol<sup>\u00ae<\/sup> de 7\/8\u00a0po \u00e0 double usage est fabriqu\u00e9 avec 5\u00a0plis de mat\u00e9riaux et retient solidement la moquette en place avec des clous \u00e0 haute teneur en carbone pr\u00e9install\u00e9s. Les \u00e9pingles sont inclin\u00e9es pour am\u00e9liorer la prise et pour retenir la moquette apr\u00e8s l\u2019\u00e9tirement. Le rebord biseaut\u00e9 garde le tapis enfonc\u00e9 entre le plomb \u00e0 picot et le mur et demeure en place lorsque la moquette est \u00e9tir\u00e9e avec des coups de pied ou des \u00e9tireurs motoris\u00e9s ordinaires.<\/p>\n","protected":false},"featured_media":7228,"template":"","meta":[],"product_brand":[],"product_cat":[285],"product_tag":[],"class_list":{"0":"post-3357","1":"product","2":"type-product","3":"status-publish","4":"has-post-thumbnail","6":"product_cat-plomb-a-picot","8":"first","9":"instock","10":"shipping-taxable","11":"product-type-simple"},"_links":{"self":[{"href":"https:\/\/capitolflooringproducts.com\/fr\/wp-json\/wp\/v2\/product\/3357","targetHints":{"allow":["GET"]}}],"collection":[{"href":"https:\/\/capitolflooringproducts.com\/fr\/wp-json\/wp\/v2\/product"}],"about":[{"href":"https:\/\/capitolflooringproducts.com\/fr\/wp-json\/wp\/v2\/types\/product"}],"wp:featuredmedia":[{"embeddable":true,"href":"https:\/\/capitolflooringproducts.com\/fr\/wp-json\/wp\/v2\/media\/7228"}],"wp:attachment":[{"href":"https:\/\/capitolflooringproducts.com\/fr\/wp-json\/wp\/v2\/media?parent=3357"}],"wp:term":[{"taxonomy":"product_brand","embeddable":true,"href":"https:\/\/capitolflooringproducts.com\/fr\/wp-json\/wp\/v2\/product_brand?post=3357"},{"taxonomy":"product_cat","embeddable":true,"href":"https:\/\/capitolflooringproducts.com\/fr\/wp-json\/wp\/v2\/product_cat?post=3357"},{"taxonomy":"product_tag","embeddable":true,"href":"https:\/\/capitolflooringproducts.com\/fr\/wp-json\/wp\/v2\/product_tag?post=3357"}],"curies":[{"name":"wp","href":"https:\/\/api.w.org\/{rel}","templated":true}]}}