{"id":3349,"date":"2026-02-12T17:10:00","date_gmt":"2026-02-12T22:10:00","guid":{"rendered":"https:\/\/capitolflooringproducts.com\/?post_type=product&#038;p=3349"},"modified":"2026-02-13T12:46:32","modified_gmt":"2026-02-13T17:46:32","slug":"rouleau-de-joint-de-velours-boucle-a-roues-lisses-110802","status":"publish","type":"product","link":"https:\/\/capitolflooringproducts.com\/fr\/produit\/rouleau-de-joint-de-velours-boucle-a-roues-lisses-110802\/","title":{"rendered":"Rouleau de joint de velours boucl\u00e9 \u00e0 roues lisses"},"content":{"rendered":"","protected":false},"excerpt":{"rendered":"<p>Le rouleau de joint de velours boucl\u00e9 \u00e0 roues lisses Capitol<sup>\u00ae<\/sup> est con\u00e7u pour les moquettes \u00e0 velours ras\u00e9 et il est id\u00e9al pour les tapis Saxony et le rev\u00eatement de sol en vinyle. La t\u00eate en nylon mou de ce rouleau lisse le tapis sans effilocher les poils et produit des joints aux endos de niveaux l\u2019un avec l\u2019autre, sans vides ou chevauchements afin de donner une finition professionnelle.  Brevet am\u00e9ricain no 1,082,193.<\/p>\n","protected":false},"featured_media":5356,"template":"","meta":[],"product_brand":[],"product_cat":[273],"product_tag":[],"class_list":{"0":"post-3349","1":"product","2":"type-product","3":"status-publish","4":"has-post-thumbnail","6":"product_cat-rouleaux","8":"first","9":"instock","10":"shipping-taxable","11":"product-type-simple"},"_links":{"self":[{"href":"https:\/\/capitolflooringproducts.com\/fr\/wp-json\/wp\/v2\/product\/3349","targetHints":{"allow":["GET"]}}],"collection":[{"href":"https:\/\/capitolflooringproducts.com\/fr\/wp-json\/wp\/v2\/product"}],"about":[{"href":"https:\/\/capitolflooringproducts.com\/fr\/wp-json\/wp\/v2\/types\/product"}],"wp:featuredmedia":[{"embeddable":true,"href":"https:\/\/capitolflooringproducts.com\/fr\/wp-json\/wp\/v2\/media\/5356"}],"wp:attachment":[{"href":"https:\/\/capitolflooringproducts.com\/fr\/wp-json\/wp\/v2\/media?parent=3349"}],"wp:term":[{"taxonomy":"product_brand","embeddable":true,"href":"https:\/\/capitolflooringproducts.com\/fr\/wp-json\/wp\/v2\/product_brand?post=3349"},{"taxonomy":"product_cat","embeddable":true,"href":"https:\/\/capitolflooringproducts.com\/fr\/wp-json\/wp\/v2\/product_cat?post=3349"},{"taxonomy":"product_tag","embeddable":true,"href":"https:\/\/capitolflooringproducts.com\/fr\/wp-json\/wp\/v2\/product_tag?post=3349"}],"curies":[{"name":"wp","href":"https:\/\/api.w.org\/{rel}","templated":true}]}}