{"id":3347,"date":"2026-02-12T17:10:00","date_gmt":"2026-02-12T22:10:00","guid":{"rendered":"https:\/\/capitolflooringproducts.com\/?post_type=product&#038;p=3347"},"modified":"2026-02-13T12:46:31","modified_gmt":"2026-02-13T17:46:31","slug":"adhesif-resilient-universel-ps735-seau-de-4-gal-1514-l-ps735-4","status":"publish","type":"product","link":"https:\/\/capitolflooringproducts.com\/fr\/produit\/adhesif-resilient-universel-ps735-seau-de-4-gal-1514-l-ps735-4\/","title":{"rendered":"Adh\u00e9sif r\u00e9silient universel PS735 \u2013 seau de 4 gal. \/ 15,14 L"},"content":{"rendered":"","protected":false},"excerpt":{"rendered":"<p>L\u2019adh\u00e9sif r\u00e9silient universel Capitol<sup>\u00ae<\/sup> PS735 est un adh\u00e9sif sensible \u00e0 la pression \u00e0 haut rendement con\u00e7u pour installer la plupart des rev\u00eatements de sol r\u00e9silients. Capitol PS735 forme un lien tenace offrant une tol\u00e9rance \u00e0 l\u2019humidit\u00e9 sup\u00e9rieure et r\u00e9siste \u00e0 la migration du plastifiant. Cette composition polyvalente permet les m\u00e9thodes d\u2019installation d\u00e9tachable ou permanente. COV\u00a0: <11 g\/L.\n<\/p>\n","protected":false},"featured_media":5353,"template":"","meta":[],"product_brand":[],"product_cat":[245],"product_tag":[],"class_list":{"0":"post-3347","1":"product","2":"type-product","3":"status-publish","4":"has-post-thumbnail","6":"product_cat-adhesifs-pour-vinyle","8":"first","9":"instock","10":"shipping-taxable","11":"product-type-simple"},"_links":{"self":[{"href":"https:\/\/capitolflooringproducts.com\/fr\/wp-json\/wp\/v2\/product\/3347","targetHints":{"allow":["GET"]}}],"collection":[{"href":"https:\/\/capitolflooringproducts.com\/fr\/wp-json\/wp\/v2\/product"}],"about":[{"href":"https:\/\/capitolflooringproducts.com\/fr\/wp-json\/wp\/v2\/types\/product"}],"wp:featuredmedia":[{"embeddable":true,"href":"https:\/\/capitolflooringproducts.com\/fr\/wp-json\/wp\/v2\/media\/5353"}],"wp:attachment":[{"href":"https:\/\/capitolflooringproducts.com\/fr\/wp-json\/wp\/v2\/media?parent=3347"}],"wp:term":[{"taxonomy":"product_brand","embeddable":true,"href":"https:\/\/capitolflooringproducts.com\/fr\/wp-json\/wp\/v2\/product_brand?post=3347"},{"taxonomy":"product_cat","embeddable":true,"href":"https:\/\/capitolflooringproducts.com\/fr\/wp-json\/wp\/v2\/product_cat?post=3347"},{"taxonomy":"product_tag","embeddable":true,"href":"https:\/\/capitolflooringproducts.com\/fr\/wp-json\/wp\/v2\/product_tag?post=3347"}],"curies":[{"name":"wp","href":"https:\/\/api.w.org\/{rel}","templated":true}]}}