{"id":3341,"date":"2026-02-12T17:10:00","date_gmt":"2026-02-12T22:10:00","guid":{"rendered":"https:\/\/capitolflooringproducts.com\/?post_type=product&#038;p=3341"},"modified":"2026-02-13T12:46:31","modified_gmt":"2026-02-13T17:46:31","slug":"cisailles-de-nappage-a-bec-de-canard-et-poignees-surelevees-115200","status":"publish","type":"product","link":"https:\/\/capitolflooringproducts.com\/fr\/produit\/cisailles-de-nappage-a-bec-de-canard-et-poignees-surelevees-115200\/","title":{"rendered":"Cisailles de nappage \u00e0 bec de canard et poign\u00e9es sur\u00e9lev\u00e9es"},"content":{"rendered":"","protected":false},"excerpt":{"rendered":"<p>Les cisailles de nappage \u00e0 bec de canard et poign\u00e9es sur\u00e9lev\u00e9es Capitol<sup>\u00ae<\/sup> sont l\u2019outil parfait pour le taillage rapide, simple et pr\u00e9cis de la moquette. Des anneaux pour les doigts de taille \u00e9gale simplifient l\u2019utilisation alors que la poign\u00e9e extra large assure le confort m\u00eame avec de grandes mains. Con\u00e7ues avec une poign\u00e9e d\u00e9cal\u00e9e, des lames chrom\u00e9es pour une durabilit\u00e9 maximale et un bec de canard plat pour garantir la bonne hauteur, ces cisailles vous donnent la ma\u00eetrise pour couper avec pr\u00e9cision.<\/p>\n","protected":false},"featured_media":5338,"template":"","meta":[],"product_brand":[],"product_cat":[257],"product_tag":[],"class_list":{"0":"post-3341","1":"product","2":"type-product","3":"status-publish","4":"has-post-thumbnail","6":"product_cat-cisailles","8":"first","9":"instock","10":"shipping-taxable","11":"product-type-simple"},"_links":{"self":[{"href":"https:\/\/capitolflooringproducts.com\/fr\/wp-json\/wp\/v2\/product\/3341","targetHints":{"allow":["GET"]}}],"collection":[{"href":"https:\/\/capitolflooringproducts.com\/fr\/wp-json\/wp\/v2\/product"}],"about":[{"href":"https:\/\/capitolflooringproducts.com\/fr\/wp-json\/wp\/v2\/types\/product"}],"wp:featuredmedia":[{"embeddable":true,"href":"https:\/\/capitolflooringproducts.com\/fr\/wp-json\/wp\/v2\/media\/5338"}],"wp:attachment":[{"href":"https:\/\/capitolflooringproducts.com\/fr\/wp-json\/wp\/v2\/media?parent=3341"}],"wp:term":[{"taxonomy":"product_brand","embeddable":true,"href":"https:\/\/capitolflooringproducts.com\/fr\/wp-json\/wp\/v2\/product_brand?post=3341"},{"taxonomy":"product_cat","embeddable":true,"href":"https:\/\/capitolflooringproducts.com\/fr\/wp-json\/wp\/v2\/product_cat?post=3341"},{"taxonomy":"product_tag","embeddable":true,"href":"https:\/\/capitolflooringproducts.com\/fr\/wp-json\/wp\/v2\/product_tag?post=3341"}],"curies":[{"name":"wp","href":"https:\/\/api.w.org\/{rel}","templated":true}]}}