{"id":3338,"date":"2026-02-12T17:10:00","date_gmt":"2026-02-12T22:10:00","guid":{"rendered":"https:\/\/capitolflooringproducts.com\/?post_type=product&#038;p=3338"},"modified":"2026-02-13T12:46:31","modified_gmt":"2026-02-13T17:46:31","slug":"scellant-de-joint-de-tapis-en-latex-ac17-bouteille-de-1-pinte-946-ml-17q-12","status":"publish","type":"product","link":"https:\/\/capitolflooringproducts.com\/fr\/produit\/scellant-de-joint-de-tapis-en-latex-ac17-bouteille-de-1-pinte-946-ml-17q-12\/","title":{"rendered":"Scellant de joint de tapis en latex AC17 \u2013 bouteille de 1 pinte \/ 946\u00a0ml"},"content":{"rendered":"","protected":false},"excerpt":{"rendered":"<p>Capitol<sup>\u00ae<\/sup> AC17 est un scellant de joint de moquette \u00e0 base de latex sp\u00e9cialement formul\u00e9 pour emp\u00eacher l\u2019effilochement des bordures et pour sceller les joints des tapis r\u00e9sidentiels. Il est \u00e9galement un caoutchouc naturel, un adh\u00e9sif pour textile pour la liaison et les r\u00e9parations de joints \u00e0 ruban textile et de surface. Il s\u00e8che rapidement et produit un lien permanent qui demeure flexible. Cet adh\u00e9sif poss\u00e8de une formule respectueuse de l\u2019environnement.<\/p>\n","protected":false},"featured_media":5332,"template":"","meta":[],"product_brand":[],"product_cat":[237],"product_tag":[],"class_list":{"0":"post-3338","1":"product","2":"type-product","3":"status-publish","4":"has-post-thumbnail","6":"product_cat-adhesifs-pour-moquette","8":"first","9":"instock","10":"shipping-taxable","11":"product-type-simple"},"_links":{"self":[{"href":"https:\/\/capitolflooringproducts.com\/fr\/wp-json\/wp\/v2\/product\/3338","targetHints":{"allow":["GET"]}}],"collection":[{"href":"https:\/\/capitolflooringproducts.com\/fr\/wp-json\/wp\/v2\/product"}],"about":[{"href":"https:\/\/capitolflooringproducts.com\/fr\/wp-json\/wp\/v2\/types\/product"}],"wp:featuredmedia":[{"embeddable":true,"href":"https:\/\/capitolflooringproducts.com\/fr\/wp-json\/wp\/v2\/media\/5332"}],"wp:attachment":[{"href":"https:\/\/capitolflooringproducts.com\/fr\/wp-json\/wp\/v2\/media?parent=3338"}],"wp:term":[{"taxonomy":"product_brand","embeddable":true,"href":"https:\/\/capitolflooringproducts.com\/fr\/wp-json\/wp\/v2\/product_brand?post=3338"},{"taxonomy":"product_cat","embeddable":true,"href":"https:\/\/capitolflooringproducts.com\/fr\/wp-json\/wp\/v2\/product_cat?post=3338"},{"taxonomy":"product_tag","embeddable":true,"href":"https:\/\/capitolflooringproducts.com\/fr\/wp-json\/wp\/v2\/product_tag?post=3338"}],"curies":[{"name":"wp","href":"https:\/\/api.w.org\/{rel}","templated":true}]}}