{"id":3332,"date":"2026-02-12T17:10:00","date_gmt":"2026-02-12T22:10:00","guid":{"rendered":"https:\/\/capitolflooringproducts.com\/?post_type=product&#038;p=3332"},"modified":"2026-02-13T12:46:31","modified_gmt":"2026-02-13T17:46:31","slug":"levier-a-moulures-professionnel-110200","status":"publish","type":"product","link":"https:\/\/capitolflooringproducts.com\/fr\/produit\/levier-a-moulures-professionnel-110200\/","title":{"rendered":"Levier \u00e0 moulures professionnel"},"content":{"rendered":"","protected":false},"excerpt":{"rendered":"<p>Indispensable pour les installateurs de rev\u00eatement de plancher, le levier \u00e0 moulures professionnel Capitol<sup>\u00ae<\/sup> est l\u2019outil parfait pour enlever les moulures. Sa conception incurv\u00e9e assure un angle pr\u00e9cis et l\u2019effet de levier optimal pour enlever les moulures et les plombs \u00e0 picot, particuli\u00e8rement dans les endroits difficiles d\u2019acc\u00e8s o\u00f9 il est impossible d\u2019utiliser une barre plus grosse. Fabriqu\u00e9 en acier dur forg\u00e9, son biseau profond am\u00e9lior\u00e9 s\u2019ins\u00e8re facilement sous les clous pour les enlever rapidement.<\/p>\n","protected":false},"featured_media":5317,"template":"","meta":[],"product_brand":[],"product_cat":[277],"product_tag":[],"class_list":{"0":"post-3332","1":"product","2":"type-product","3":"status-publish","4":"has-post-thumbnail","6":"product_cat-leviers","8":"first","9":"instock","10":"shipping-taxable","11":"product-type-simple"},"_links":{"self":[{"href":"https:\/\/capitolflooringproducts.com\/fr\/wp-json\/wp\/v2\/product\/3332","targetHints":{"allow":["GET"]}}],"collection":[{"href":"https:\/\/capitolflooringproducts.com\/fr\/wp-json\/wp\/v2\/product"}],"about":[{"href":"https:\/\/capitolflooringproducts.com\/fr\/wp-json\/wp\/v2\/types\/product"}],"wp:featuredmedia":[{"embeddable":true,"href":"https:\/\/capitolflooringproducts.com\/fr\/wp-json\/wp\/v2\/media\/5317"}],"wp:attachment":[{"href":"https:\/\/capitolflooringproducts.com\/fr\/wp-json\/wp\/v2\/media?parent=3332"}],"wp:term":[{"taxonomy":"product_brand","embeddable":true,"href":"https:\/\/capitolflooringproducts.com\/fr\/wp-json\/wp\/v2\/product_brand?post=3332"},{"taxonomy":"product_cat","embeddable":true,"href":"https:\/\/capitolflooringproducts.com\/fr\/wp-json\/wp\/v2\/product_cat?post=3332"},{"taxonomy":"product_tag","embeddable":true,"href":"https:\/\/capitolflooringproducts.com\/fr\/wp-json\/wp\/v2\/product_tag?post=3332"}],"curies":[{"name":"wp","href":"https:\/\/api.w.org\/{rel}","templated":true}]}}