{"id":3314,"date":"2026-02-12T17:10:00","date_gmt":"2026-02-12T22:10:00","guid":{"rendered":"https:\/\/capitolflooringproducts.com\/?post_type=product&#038;p=3314"},"modified":"2026-02-13T12:46:31","modified_gmt":"2026-02-13T17:46:31","slug":"plombs-a-picot-pour-bois-extra-large-de-1-po-120012","status":"publish","type":"product","link":"https:\/\/capitolflooringproducts.com\/fr\/produit\/plombs-a-picot-pour-bois-extra-large-de-1-po-120012\/","title":{"rendered":"Plombs \u00e0 picot pour bois extra large de 1\u00a0po"},"content":{"rendered":"","protected":false},"excerpt":{"rendered":"<p>Le plomb \u00e0 picot Capitol<sup>\u00ae<\/sup> de 1\u00a0po est fabriqu\u00e9 avec 5\u00a0plis de mat\u00e9riaux et retient solidement la moquette en place avec deux rang\u00e9es d\u2019\u00e9pingles. Con\u00e7ue pour l\u2019installation sur les sous-planchers en bois, elle est plus large que la latte de 7\/8\u00a0po standard de l\u2019industrie et est munie de clous \u00e0 tige annel\u00e9e pour la tenir en place. Le rebord biseaut\u00e9 garde le tapis enfonc\u00e9 entre le plomb \u00e0 picot et le mur et demeure en place lorsque la moquette est \u00e9tir\u00e9e avec des coups de pied ou des \u00e9tireurs motoris\u00e9s ordinaires.  Ce plomb \u00e0 picot de 1\u00a0po r\u00e9pond \u00e0 la norme CRI-105 du Carpet and Rug Institute.<\/p>\n","protected":false},"featured_media":5302,"template":"","meta":[],"product_brand":[],"product_cat":[285],"product_tag":[],"class_list":{"0":"post-3314","1":"product","2":"type-product","3":"status-publish","4":"has-post-thumbnail","6":"product_cat-plomb-a-picot","8":"first","9":"instock","10":"shipping-taxable","11":"product-type-simple"},"_links":{"self":[{"href":"https:\/\/capitolflooringproducts.com\/fr\/wp-json\/wp\/v2\/product\/3314","targetHints":{"allow":["GET"]}}],"collection":[{"href":"https:\/\/capitolflooringproducts.com\/fr\/wp-json\/wp\/v2\/product"}],"about":[{"href":"https:\/\/capitolflooringproducts.com\/fr\/wp-json\/wp\/v2\/types\/product"}],"wp:featuredmedia":[{"embeddable":true,"href":"https:\/\/capitolflooringproducts.com\/fr\/wp-json\/wp\/v2\/media\/5302"}],"wp:attachment":[{"href":"https:\/\/capitolflooringproducts.com\/fr\/wp-json\/wp\/v2\/media?parent=3314"}],"wp:term":[{"taxonomy":"product_brand","embeddable":true,"href":"https:\/\/capitolflooringproducts.com\/fr\/wp-json\/wp\/v2\/product_brand?post=3314"},{"taxonomy":"product_cat","embeddable":true,"href":"https:\/\/capitolflooringproducts.com\/fr\/wp-json\/wp\/v2\/product_cat?post=3314"},{"taxonomy":"product_tag","embeddable":true,"href":"https:\/\/capitolflooringproducts.com\/fr\/wp-json\/wp\/v2\/product_tag?post=3314"}],"curies":[{"name":"wp","href":"https:\/\/api.w.org\/{rel}","templated":true}]}}