{"id":3304,"date":"2026-02-12T17:10:00","date_gmt":"2026-02-12T22:10:00","guid":{"rendered":"https:\/\/capitolflooringproducts.com\/?post_type=product&#038;p=3304"},"modified":"2026-02-13T12:46:30","modified_gmt":"2026-02-13T17:46:30","slug":"ruban-de-joint-thermocolle-greenline-142012","status":"publish","type":"product","link":"https:\/\/capitolflooringproducts.com\/fr\/produit\/ruban-de-joint-thermocolle-greenline-142012\/","title":{"rendered":"Ruban de joint thermocoll\u00e9 Greenline"},"content":{"rendered":"","protected":false},"excerpt":{"rendered":"<p>Le ruban de thermocolle \u00e0 tapis Capitol<sup>\u00ae<\/sup> Greenline est un ruban \u00e9conomique de haute qualit\u00e9 con\u00e7u pour les applications r\u00e9sidentielles et commerciales. Parfait pour l\u2019utilisation avec les moquettes \u00e0 endos de latex tiss\u00e9.<\/p>\n","protected":false},"featured_media":5262,"template":"","meta":[],"product_brand":[],"product_cat":[289],"product_tag":[],"class_list":{"0":"post-3304","1":"product","2":"type-product","3":"status-publish","4":"has-post-thumbnail","6":"product_cat-rubans-thermiques","8":"first","9":"instock","10":"shipping-taxable","11":"product-type-simple"},"_links":{"self":[{"href":"https:\/\/capitolflooringproducts.com\/fr\/wp-json\/wp\/v2\/product\/3304","targetHints":{"allow":["GET"]}}],"collection":[{"href":"https:\/\/capitolflooringproducts.com\/fr\/wp-json\/wp\/v2\/product"}],"about":[{"href":"https:\/\/capitolflooringproducts.com\/fr\/wp-json\/wp\/v2\/types\/product"}],"wp:featuredmedia":[{"embeddable":true,"href":"https:\/\/capitolflooringproducts.com\/fr\/wp-json\/wp\/v2\/media\/5262"}],"wp:attachment":[{"href":"https:\/\/capitolflooringproducts.com\/fr\/wp-json\/wp\/v2\/media?parent=3304"}],"wp:term":[{"taxonomy":"product_brand","embeddable":true,"href":"https:\/\/capitolflooringproducts.com\/fr\/wp-json\/wp\/v2\/product_brand?post=3304"},{"taxonomy":"product_cat","embeddable":true,"href":"https:\/\/capitolflooringproducts.com\/fr\/wp-json\/wp\/v2\/product_cat?post=3304"},{"taxonomy":"product_tag","embeddable":true,"href":"https:\/\/capitolflooringproducts.com\/fr\/wp-json\/wp\/v2\/product_tag?post=3304"}],"curies":[{"name":"wp","href":"https:\/\/api.w.org\/{rel}","templated":true}]}}