{"id":3302,"date":"2026-02-12T17:10:00","date_gmt":"2026-02-12T22:10:00","guid":{"rendered":"https:\/\/capitolflooringproducts.com\/?post_type=product&#038;p=3302"},"modified":"2026-02-13T12:46:30","modified_gmt":"2026-02-13T17:46:30","slug":"adhesif-pour-cloison-seche-et-panneaux-py30-polybond-py30","status":"publish","type":"product","link":"https:\/\/capitolflooringproducts.com\/fr\/produit\/adhesif-pour-cloison-seche-et-panneaux-py30-polybond-py30\/","title":{"rendered":"Adh\u00e9sif pour cloison s\u00e8che et panneaux PY30 Polybond"},"content":{"rendered":"","protected":false},"excerpt":{"rendered":"<p>L\u2019adh\u00e9sif de construction Capitol<sup>\u00ae<\/sup> PY30 est sp\u00e9cialement formul\u00e9 pour l\u2019installation int\u00e9rieure de cloison s\u00e8che, de panneaux de finition et de panneaux de mousse. Cet adh\u00e9sif de qualit\u00e9 sup\u00e9rieure assure une prise instantan\u00e9e avec une bonne adh\u00e9rence pour le placement pr\u00e9cis et un lien permanent, r\u00e9duisant la n\u00e9cessit\u00e9 de coller et le risque de remont\u00e9e de clous. Le Capitol PY30 est simple \u00e0 utiliser avec un pistolet \u00e0 cartouche ordinaire. Il est sans solvants et ne contient aucun ingr\u00e9dient nuisible \u00e0 la sant\u00e9 ou \u00e0 l\u2019environnement.<\/p>\n","protected":false},"featured_media":5259,"template":"","meta":[],"product_brand":[],"product_cat":[243],"product_tag":[],"class_list":{"0":"post-3302","1":"product","2":"type-product","3":"status-publish","4":"has-post-thumbnail","6":"product_cat-adhesifs-specialises","8":"first","9":"instock","10":"shipping-taxable","11":"product-type-simple"},"_links":{"self":[{"href":"https:\/\/capitolflooringproducts.com\/fr\/wp-json\/wp\/v2\/product\/3302","targetHints":{"allow":["GET"]}}],"collection":[{"href":"https:\/\/capitolflooringproducts.com\/fr\/wp-json\/wp\/v2\/product"}],"about":[{"href":"https:\/\/capitolflooringproducts.com\/fr\/wp-json\/wp\/v2\/types\/product"}],"wp:featuredmedia":[{"embeddable":true,"href":"https:\/\/capitolflooringproducts.com\/fr\/wp-json\/wp\/v2\/media\/5259"}],"wp:attachment":[{"href":"https:\/\/capitolflooringproducts.com\/fr\/wp-json\/wp\/v2\/media?parent=3302"}],"wp:term":[{"taxonomy":"product_brand","embeddable":true,"href":"https:\/\/capitolflooringproducts.com\/fr\/wp-json\/wp\/v2\/product_brand?post=3302"},{"taxonomy":"product_cat","embeddable":true,"href":"https:\/\/capitolflooringproducts.com\/fr\/wp-json\/wp\/v2\/product_cat?post=3302"},{"taxonomy":"product_tag","embeddable":true,"href":"https:\/\/capitolflooringproducts.com\/fr\/wp-json\/wp\/v2\/product_tag?post=3302"}],"curies":[{"name":"wp","href":"https:\/\/api.w.org\/{rel}","templated":true}]}}