{"id":3296,"date":"2026-02-12T17:10:00","date_gmt":"2026-02-12T22:10:00","guid":{"rendered":"https:\/\/capitolflooringproducts.com\/?post_type=product&#038;p=3296"},"modified":"2026-02-13T12:46:30","modified_gmt":"2026-02-13T17:46:30","slug":"truelle-pro-pour-adhesif-pour-revetements-de-sol-a-encoches-carrees-1-16-po-x-1-16-po-x-1-16-po-16-mm-x-16-mm-x-16-mm-115110","status":"publish","type":"product","link":"https:\/\/capitolflooringproducts.com\/fr\/produit\/truelle-pro-pour-adhesif-pour-revetements-de-sol-a-encoches-carrees-1-16-po-x-1-16-po-x-1-16-po-16-mm-x-16-mm-x-16-mm-115110\/","title":{"rendered":"Truelle Pro pour adh\u00e9sif pour rev\u00eatements de sol \u00e0 encoches carr\u00e9es 1\/16\u00a0po x 1\/16\u00a0po x 1\/16\u00a0po (1,6\u00a0mm x 1,6\u00a0mm x 1,6\u00a0mm)"},"content":{"rendered":"","protected":false},"excerpt":{"rendered":"<p>La truelle pour adh\u00e9sif de plancher professionnelle Capitol<sup>\u00ae<\/sup> \u00e0 encoches carr\u00e9es de 1\/16 x 1\/16 x 1\/16\u00a0po est munie d\u2019une lame en acier tremp\u00e9 et durci pour une robustesse sup\u00e9rieure et d\u2019encoches carr\u00e9es de 1\/16\u00a0po qui augmentent l\u2019espace entre les rangs d\u2019adh\u00e9sif. Con\u00e7ue pour les installateurs professionnels, elle poss\u00e8de une lame en acier et une grande poign\u00e9e en bois assurant une prise ferme et confortable.<\/p>\n","protected":false},"featured_media":7363,"template":"","meta":[],"product_brand":[],"product_cat":[249],"product_tag":[],"class_list":{"0":"post-3296","1":"product","2":"type-product","3":"status-publish","4":"has-post-thumbnail","6":"product_cat-truelles","8":"first","9":"instock","10":"shipping-taxable","11":"product-type-simple"},"_links":{"self":[{"href":"https:\/\/capitolflooringproducts.com\/fr\/wp-json\/wp\/v2\/product\/3296","targetHints":{"allow":["GET"]}}],"collection":[{"href":"https:\/\/capitolflooringproducts.com\/fr\/wp-json\/wp\/v2\/product"}],"about":[{"href":"https:\/\/capitolflooringproducts.com\/fr\/wp-json\/wp\/v2\/types\/product"}],"wp:featuredmedia":[{"embeddable":true,"href":"https:\/\/capitolflooringproducts.com\/fr\/wp-json\/wp\/v2\/media\/7363"}],"wp:attachment":[{"href":"https:\/\/capitolflooringproducts.com\/fr\/wp-json\/wp\/v2\/media?parent=3296"}],"wp:term":[{"taxonomy":"product_brand","embeddable":true,"href":"https:\/\/capitolflooringproducts.com\/fr\/wp-json\/wp\/v2\/product_brand?post=3296"},{"taxonomy":"product_cat","embeddable":true,"href":"https:\/\/capitolflooringproducts.com\/fr\/wp-json\/wp\/v2\/product_cat?post=3296"},{"taxonomy":"product_tag","embeddable":true,"href":"https:\/\/capitolflooringproducts.com\/fr\/wp-json\/wp\/v2\/product_tag?post=3296"}],"curies":[{"name":"wp","href":"https:\/\/api.w.org\/{rel}","templated":true}]}}