{"id":3290,"date":"2026-02-12T17:10:00","date_gmt":"2026-02-12T22:10:00","guid":{"rendered":"https:\/\/capitolflooringproducts.com\/?post_type=product&#038;p=3290"},"modified":"2026-02-13T12:46:29","modified_gmt":"2026-02-13T17:46:29","slug":"outil-pour-escaliers-professionnel-110900","status":"publish","type":"product","link":"https:\/\/capitolflooringproducts.com\/fr\/produit\/outil-pour-escaliers-professionnel-110900\/","title":{"rendered":"Outil pour escaliers professionnel"},"content":{"rendered":"","protected":false},"excerpt":{"rendered":"<p>Principalement con\u00e7u pour les installations dans les escaliers, le fer \u00e0 tapis professionnel Capitol<sup>\u00ae<\/sup> sert aussi \u00e0 enfoncer la moquette dans les d\u00e9pressions ou sur les plombs \u00e0 picot et pour plier la moquette le long des murs. Il est fabriqu\u00e9 en acier chrom\u00e9 et muni d\u2019une poign\u00e9e antid\u00e9rapante. Cet outil de 4\u00a0po produit des r\u00e9sultats plus rapidement avec des ar\u00eates plus nettes.<\/p>\n","protected":false},"featured_media":5229,"template":"","meta":[],"product_brand":[],"product_cat":[271],"product_tag":[],"class_list":{"0":"post-3290","1":"product","2":"type-product","3":"status-publish","4":"has-post-thumbnail","6":"product_cat-rentre-moquette","8":"first","9":"instock","10":"shipping-taxable","11":"product-type-simple"},"_links":{"self":[{"href":"https:\/\/capitolflooringproducts.com\/fr\/wp-json\/wp\/v2\/product\/3290","targetHints":{"allow":["GET"]}}],"collection":[{"href":"https:\/\/capitolflooringproducts.com\/fr\/wp-json\/wp\/v2\/product"}],"about":[{"href":"https:\/\/capitolflooringproducts.com\/fr\/wp-json\/wp\/v2\/types\/product"}],"wp:featuredmedia":[{"embeddable":true,"href":"https:\/\/capitolflooringproducts.com\/fr\/wp-json\/wp\/v2\/media\/5229"}],"wp:attachment":[{"href":"https:\/\/capitolflooringproducts.com\/fr\/wp-json\/wp\/v2\/media?parent=3290"}],"wp:term":[{"taxonomy":"product_brand","embeddable":true,"href":"https:\/\/capitolflooringproducts.com\/fr\/wp-json\/wp\/v2\/product_brand?post=3290"},{"taxonomy":"product_cat","embeddable":true,"href":"https:\/\/capitolflooringproducts.com\/fr\/wp-json\/wp\/v2\/product_cat?post=3290"},{"taxonomy":"product_tag","embeddable":true,"href":"https:\/\/capitolflooringproducts.com\/fr\/wp-json\/wp\/v2\/product_tag?post=3290"}],"curies":[{"name":"wp","href":"https:\/\/api.w.org\/{rel}","templated":true}]}}