{"id":3284,"date":"2026-02-12T17:10:00","date_gmt":"2026-02-12T22:10:00","guid":{"rendered":"https:\/\/capitolflooringproducts.com\/?post_type=product&#038;p=3284"},"modified":"2026-02-13T12:46:29","modified_gmt":"2026-02-13T17:46:29","slug":"couteau-a-tapis-a-endos-matelasse-professionnel-110551","status":"publish","type":"product","link":"https:\/\/capitolflooringproducts.com\/fr\/produit\/couteau-a-tapis-a-endos-matelasse-professionnel-110551\/","title":{"rendered":"Couteau \u00e0 tapis \u00e0 endos matelass\u00e9 professionnel"},"content":{"rendered":"","protected":false},"excerpt":{"rendered":"<p>Le couteau \u00e0 tapis \u00e0 endos matelass\u00e9 Capitol<sup>\u00ae<\/sup> est muni d\u2019une lame \u00e0 profondeur r\u00e9glable pour couper le sous-tapis et le tapis classique de toutes les \u00e9paisseurs. Le bouton de lame \u00e0 pression directe tient les lames en place, alors que la conception \u00e0 2\u00a0lames assure des coupes nettes et pr\u00e9cises.<\/p>\n","protected":false},"featured_media":5214,"template":"","meta":[],"product_brand":[],"product_cat":[255],"product_tag":[],"class_list":{"0":"post-3284","1":"product","2":"type-product","3":"status-publish","4":"has-post-thumbnail","6":"product_cat-outils-de-coupage","8":"first","9":"instock","10":"shipping-taxable","11":"product-type-simple"},"_links":{"self":[{"href":"https:\/\/capitolflooringproducts.com\/fr\/wp-json\/wp\/v2\/product\/3284","targetHints":{"allow":["GET"]}}],"collection":[{"href":"https:\/\/capitolflooringproducts.com\/fr\/wp-json\/wp\/v2\/product"}],"about":[{"href":"https:\/\/capitolflooringproducts.com\/fr\/wp-json\/wp\/v2\/types\/product"}],"wp:featuredmedia":[{"embeddable":true,"href":"https:\/\/capitolflooringproducts.com\/fr\/wp-json\/wp\/v2\/media\/5214"}],"wp:attachment":[{"href":"https:\/\/capitolflooringproducts.com\/fr\/wp-json\/wp\/v2\/media?parent=3284"}],"wp:term":[{"taxonomy":"product_brand","embeddable":true,"href":"https:\/\/capitolflooringproducts.com\/fr\/wp-json\/wp\/v2\/product_brand?post=3284"},{"taxonomy":"product_cat","embeddable":true,"href":"https:\/\/capitolflooringproducts.com\/fr\/wp-json\/wp\/v2\/product_cat?post=3284"},{"taxonomy":"product_tag","embeddable":true,"href":"https:\/\/capitolflooringproducts.com\/fr\/wp-json\/wp\/v2\/product_tag?post=3284"}],"curies":[{"name":"wp","href":"https:\/\/api.w.org\/{rel}","templated":true}]}}