{"id":3280,"date":"2026-02-12T17:10:00","date_gmt":"2026-02-12T22:10:00","guid":{"rendered":"https:\/\/capitolflooringproducts.com\/?post_type=product&#038;p=3280"},"modified":"2026-02-13T12:46:29","modified_gmt":"2026-02-13T17:46:29","slug":"scellant-de-joint-de-tapis-en-latex-ac17-bouteille-de-8-oz-235-ml-17-8","status":"publish","type":"product","link":"https:\/\/capitolflooringproducts.com\/fr\/produit\/scellant-de-joint-de-tapis-en-latex-ac17-bouteille-de-8-oz-235-ml-17-8\/","title":{"rendered":"Scellant de joint de tapis en latex AC17 \u2013 bouteille de 8\u00a0oz \/ 235\u00a0ml"},"content":{"rendered":"","protected":false},"excerpt":{"rendered":"<p>Le scellant de joint au latex Capitol<sup>\u00ae<\/sup> AC17 est sp\u00e9cialement formul\u00e9 pour sceller les joints des moquettes r\u00e9sidentielles et emp\u00eacher les bordures de s\u2019effilocher. Il peut \u00e9galement \u00eatre utilis\u00e9 pour les r\u00e9parations de joints. Une formule \u00e9coresponsable, il s\u00e8che rapidement et produit un lien permanent qui demeure flexible.<\/p>\n","protected":false},"featured_media":5205,"template":"","meta":[],"product_brand":[],"product_cat":[237],"product_tag":[],"class_list":{"0":"post-3280","1":"product","2":"type-product","3":"status-publish","4":"has-post-thumbnail","6":"product_cat-adhesifs-pour-moquette","8":"first","9":"instock","10":"shipping-taxable","11":"product-type-simple"},"_links":{"self":[{"href":"https:\/\/capitolflooringproducts.com\/fr\/wp-json\/wp\/v2\/product\/3280","targetHints":{"allow":["GET"]}}],"collection":[{"href":"https:\/\/capitolflooringproducts.com\/fr\/wp-json\/wp\/v2\/product"}],"about":[{"href":"https:\/\/capitolflooringproducts.com\/fr\/wp-json\/wp\/v2\/types\/product"}],"wp:featuredmedia":[{"embeddable":true,"href":"https:\/\/capitolflooringproducts.com\/fr\/wp-json\/wp\/v2\/media\/5205"}],"wp:attachment":[{"href":"https:\/\/capitolflooringproducts.com\/fr\/wp-json\/wp\/v2\/media?parent=3280"}],"wp:term":[{"taxonomy":"product_brand","embeddable":true,"href":"https:\/\/capitolflooringproducts.com\/fr\/wp-json\/wp\/v2\/product_brand?post=3280"},{"taxonomy":"product_cat","embeddable":true,"href":"https:\/\/capitolflooringproducts.com\/fr\/wp-json\/wp\/v2\/product_cat?post=3280"},{"taxonomy":"product_tag","embeddable":true,"href":"https:\/\/capitolflooringproducts.com\/fr\/wp-json\/wp\/v2\/product_tag?post=3280"}],"curies":[{"name":"wp","href":"https:\/\/api.w.org\/{rel}","templated":true}]}}