{"id":3270,"date":"2026-02-12T17:10:00","date_gmt":"2026-02-12T22:10:00","guid":{"rendered":"https:\/\/capitolflooringproducts.com\/?post_type=product&#038;p=3270"},"modified":"2026-02-13T12:46:28","modified_gmt":"2026-02-13T17:46:28","slug":"taille-tapis-reglable-professionnel-110500","status":"publish","type":"product","link":"https:\/\/capitolflooringproducts.com\/fr\/produit\/taille-tapis-reglable-professionnel-110500\/","title":{"rendered":"Taille-tapis r\u00e9glable professionnel"},"content":{"rendered":"","protected":false},"excerpt":{"rendered":"<p>Le taille-tapis r\u00e9glable professionnel Capitol<sup>\u00ae<\/sup> taille nettement la moquette le long du mur et sous les coups de pied. Le manche antid\u00e9rapant \u00e0 5\u00a0positions se d\u00e9place facilement dans les espaces restreints et peut \u00eatre r\u00e9gl\u00e9 pour diverses \u00e9paisseurs de tapis.<\/p>\n","protected":false},"featured_media":5184,"template":"","meta":[],"product_brand":[],"product_cat":[259],"product_tag":[],"class_list":{"0":"post-3270","1":"product","2":"type-product","3":"status-publish","4":"has-post-thumbnail","6":"product_cat-taille-tapis","8":"first","9":"instock","10":"shipping-taxable","11":"product-type-simple"},"_links":{"self":[{"href":"https:\/\/capitolflooringproducts.com\/fr\/wp-json\/wp\/v2\/product\/3270","targetHints":{"allow":["GET"]}}],"collection":[{"href":"https:\/\/capitolflooringproducts.com\/fr\/wp-json\/wp\/v2\/product"}],"about":[{"href":"https:\/\/capitolflooringproducts.com\/fr\/wp-json\/wp\/v2\/types\/product"}],"wp:featuredmedia":[{"embeddable":true,"href":"https:\/\/capitolflooringproducts.com\/fr\/wp-json\/wp\/v2\/media\/5184"}],"wp:attachment":[{"href":"https:\/\/capitolflooringproducts.com\/fr\/wp-json\/wp\/v2\/media?parent=3270"}],"wp:term":[{"taxonomy":"product_brand","embeddable":true,"href":"https:\/\/capitolflooringproducts.com\/fr\/wp-json\/wp\/v2\/product_brand?post=3270"},{"taxonomy":"product_cat","embeddable":true,"href":"https:\/\/capitolflooringproducts.com\/fr\/wp-json\/wp\/v2\/product_cat?post=3270"},{"taxonomy":"product_tag","embeddable":true,"href":"https:\/\/capitolflooringproducts.com\/fr\/wp-json\/wp\/v2\/product_tag?post=3270"}],"curies":[{"name":"wp","href":"https:\/\/api.w.org\/{rel}","templated":true}]}}