{"id":3264,"date":"2026-02-12T17:10:00","date_gmt":"2026-02-12T22:10:00","guid":{"rendered":"https:\/\/capitolflooringproducts.com\/?post_type=product&#038;p=3264"},"modified":"2026-02-13T12:46:28","modified_gmt":"2026-02-13T17:46:28","slug":"ruban-de-joint-thermocolle-goldline-142013","status":"publish","type":"product","link":"https:\/\/capitolflooringproducts.com\/fr\/produit\/ruban-de-joint-thermocolle-goldline-142013\/","title":{"rendered":"Ruban de joint thermocoll\u00e9 Goldline"},"content":{"rendered":"","protected":false},"excerpt":{"rendered":"<p>Le ruban thermocoll\u00e9 Capitol<sup>\u00ae<\/sup> Goldline pr\u00e9sente une couche extra \u00e9paisse de thermocolle assurant une adh\u00e9rence robuste et durable. Un des rubans les plus populaires sur le march\u00e9 actuel, il est con\u00e7u pour les applications r\u00e9sidentielles et commerciales \u00e0 circulation moyenne \u00e0 intensive. \u00c0 faible fum\u00e9e, sans odeur et \u00e9coresponsable, Goldline \u00e9tablit la norme pour les joints solides et le haut rendement.<\/p>\n","protected":false},"featured_media":5169,"template":"","meta":[],"product_brand":[],"product_cat":[289],"product_tag":[],"class_list":{"0":"post-3264","1":"product","2":"type-product","3":"status-publish","4":"has-post-thumbnail","6":"product_cat-rubans-thermiques","8":"first","9":"instock","10":"shipping-taxable","11":"product-type-simple"},"_links":{"self":[{"href":"https:\/\/capitolflooringproducts.com\/fr\/wp-json\/wp\/v2\/product\/3264","targetHints":{"allow":["GET"]}}],"collection":[{"href":"https:\/\/capitolflooringproducts.com\/fr\/wp-json\/wp\/v2\/product"}],"about":[{"href":"https:\/\/capitolflooringproducts.com\/fr\/wp-json\/wp\/v2\/types\/product"}],"wp:featuredmedia":[{"embeddable":true,"href":"https:\/\/capitolflooringproducts.com\/fr\/wp-json\/wp\/v2\/media\/5169"}],"wp:attachment":[{"href":"https:\/\/capitolflooringproducts.com\/fr\/wp-json\/wp\/v2\/media?parent=3264"}],"wp:term":[{"taxonomy":"product_brand","embeddable":true,"href":"https:\/\/capitolflooringproducts.com\/fr\/wp-json\/wp\/v2\/product_brand?post=3264"},{"taxonomy":"product_cat","embeddable":true,"href":"https:\/\/capitolflooringproducts.com\/fr\/wp-json\/wp\/v2\/product_cat?post=3264"},{"taxonomy":"product_tag","embeddable":true,"href":"https:\/\/capitolflooringproducts.com\/fr\/wp-json\/wp\/v2\/product_tag?post=3264"}],"curies":[{"name":"wp","href":"https:\/\/api.w.org\/{rel}","templated":true}]}}