{"id":3262,"date":"2026-02-12T17:10:00","date_gmt":"2026-02-12T22:10:00","guid":{"rendered":"https:\/\/capitolflooringproducts.com\/?post_type=product&#038;p=3262"},"modified":"2026-02-13T12:46:28","modified_gmt":"2026-02-13T17:46:28","slug":"adhesif-a-tapis-de-qualite-superieure-ca480-ca480-4","status":"publish","type":"product","link":"https:\/\/capitolflooringproducts.com\/fr\/produit\/adhesif-a-tapis-de-qualite-superieure-ca480-ca480-4\/","title":{"rendered":"Adh\u00e9sif \u00e0 tapis de qualit\u00e9 sup\u00e9rieure CA480"},"content":{"rendered":"","protected":false},"excerpt":{"rendered":"<p>Le Capitol<sup>\u00ae<\/sup> CA480 est un adh\u00e9sif pour moquette de qualit\u00e9 commerciale sans solvants d\u00e9velopper pour un haut rendement m\u00eame dans les installations les plus rigoureuses. Parfait pour la majorit\u00e9 des moquettes commerciales, y compris les installations \u00e0 grande circulation, le CA480 est \u00e9galement un excellent adh\u00e9sif pour les installations \u00e0 double liaison.<\/p>\n","protected":false},"featured_media":5166,"template":"","meta":[],"product_brand":[],"product_cat":[237],"product_tag":[],"class_list":{"0":"post-3262","1":"product","2":"type-product","3":"status-publish","4":"has-post-thumbnail","6":"product_cat-adhesifs-pour-moquette","8":"first","9":"instock","10":"shipping-taxable","11":"product-type-simple"},"_links":{"self":[{"href":"https:\/\/capitolflooringproducts.com\/fr\/wp-json\/wp\/v2\/product\/3262","targetHints":{"allow":["GET"]}}],"collection":[{"href":"https:\/\/capitolflooringproducts.com\/fr\/wp-json\/wp\/v2\/product"}],"about":[{"href":"https:\/\/capitolflooringproducts.com\/fr\/wp-json\/wp\/v2\/types\/product"}],"wp:featuredmedia":[{"embeddable":true,"href":"https:\/\/capitolflooringproducts.com\/fr\/wp-json\/wp\/v2\/media\/5166"}],"wp:attachment":[{"href":"https:\/\/capitolflooringproducts.com\/fr\/wp-json\/wp\/v2\/media?parent=3262"}],"wp:term":[{"taxonomy":"product_brand","embeddable":true,"href":"https:\/\/capitolflooringproducts.com\/fr\/wp-json\/wp\/v2\/product_brand?post=3262"},{"taxonomy":"product_cat","embeddable":true,"href":"https:\/\/capitolflooringproducts.com\/fr\/wp-json\/wp\/v2\/product_cat?post=3262"},{"taxonomy":"product_tag","embeddable":true,"href":"https:\/\/capitolflooringproducts.com\/fr\/wp-json\/wp\/v2\/product_tag?post=3262"}],"curies":[{"name":"wp","href":"https:\/\/api.w.org\/{rel}","templated":true}]}}