{"id":3256,"date":"2026-02-12T17:10:00","date_gmt":"2026-02-12T22:10:00","guid":{"rendered":"https:\/\/capitolflooringproducts.com\/?post_type=product&#038;p=3256"},"modified":"2026-02-13T12:46:28","modified_gmt":"2026-02-13T17:46:28","slug":"grattoir-de-18-po-professionnel-pour-planchers-et-murs-110610","status":"publish","type":"product","link":"https:\/\/capitolflooringproducts.com\/fr\/produit\/grattoir-de-18-po-professionnel-pour-planchers-et-murs-110610\/","title":{"rendered":"Grattoir de 18\u00a0po professionnel pour planchers et murs"},"content":{"rendered":"","protected":false},"excerpt":{"rendered":"<p>Le grattoir \u00e0 planchers et murs professionnel de 18\u00a0po Capitol<sup>\u00ae<\/sup> est muni d\u2019une lame d\u2019acier de 4\u00a0po de largeur pour enlever les mati\u00e8res tenaces comme la colle et le rev\u00eatement de sol afin d\u2019obtenir une surface lisse et pr\u00eate \u00e0 l\u2019usage. Le manche allong\u00e9 est fabriqu\u00e9 avec une poign\u00e9e matelass\u00e9e et une boule ergonomique \u00e0 l\u2019extr\u00e9mit\u00e9 pour le confort lors du grattage.<\/p>\n","protected":false},"featured_media":5151,"template":"","meta":[],"product_brand":[],"product_cat":[279],"product_tag":[],"class_list":{"0":"post-3256","1":"product","2":"type-product","3":"status-publish","4":"has-post-thumbnail","6":"product_cat-grattoirs","8":"first","9":"instock","10":"shipping-taxable","11":"product-type-simple"},"_links":{"self":[{"href":"https:\/\/capitolflooringproducts.com\/fr\/wp-json\/wp\/v2\/product\/3256","targetHints":{"allow":["GET"]}}],"collection":[{"href":"https:\/\/capitolflooringproducts.com\/fr\/wp-json\/wp\/v2\/product"}],"about":[{"href":"https:\/\/capitolflooringproducts.com\/fr\/wp-json\/wp\/v2\/types\/product"}],"wp:featuredmedia":[{"embeddable":true,"href":"https:\/\/capitolflooringproducts.com\/fr\/wp-json\/wp\/v2\/media\/5151"}],"wp:attachment":[{"href":"https:\/\/capitolflooringproducts.com\/fr\/wp-json\/wp\/v2\/media?parent=3256"}],"wp:term":[{"taxonomy":"product_brand","embeddable":true,"href":"https:\/\/capitolflooringproducts.com\/fr\/wp-json\/wp\/v2\/product_brand?post=3256"},{"taxonomy":"product_cat","embeddable":true,"href":"https:\/\/capitolflooringproducts.com\/fr\/wp-json\/wp\/v2\/product_cat?post=3256"},{"taxonomy":"product_tag","embeddable":true,"href":"https:\/\/capitolflooringproducts.com\/fr\/wp-json\/wp\/v2\/product_tag?post=3256"}],"curies":[{"name":"wp","href":"https:\/\/api.w.org\/{rel}","templated":true}]}}