{"id":3254,"date":"2026-02-12T17:10:00","date_gmt":"2026-02-12T22:10:00","guid":{"rendered":"https:\/\/capitolflooringproducts.com\/?post_type=product&#038;p=3254"},"modified":"2026-02-13T12:46:28","modified_gmt":"2026-02-13T17:46:28","slug":"adhesif-universel-pour-revetement-de-sol-resilient-et-carreaux-de-tapis-ps399-ps399-4","status":"publish","type":"product","link":"https:\/\/capitolflooringproducts.com\/fr\/produit\/adhesif-universel-pour-revetement-de-sol-resilient-et-carreaux-de-tapis-ps399-ps399-4\/","title":{"rendered":"Adh\u00e9sif universel+ pour rev\u00eatement de sol r\u00e9silient et carreaux de tapis PS399"},"content":{"rendered":"","protected":false},"excerpt":{"rendered":"<p>L\u2019adh\u00e9sif Universel + pour rev\u00eatement de sol r\u00e9silient et carreaux de moquette Capitol<sup>\u00ae<\/sup> PS399 produit un lien r\u00e9sistant extraordinaire avec la plupart des rev\u00eatements de sol r\u00e9silients tout en procurant le maximum de r\u00e9sistance \u00e0 l\u2019humidit\u00e9. Le Capitol PS399 peut \u00eatre utilis\u00e9 comme adh\u00e9sif \u00e0 mise en place humide ou sensible \u00e0 la pression avec un temps de travail \u00e9tendu optionnel allant jusqu\u2019\u00e0 12\u00a0heures. Cet adh\u00e9sif dynamique peut \u00eatre pr\u00eat pour la circulation (y compris les lourdes charges roulantes) apr\u00e8s seulement 48\u00a0heures.<\/p>\n","protected":false},"featured_media":5148,"template":"","meta":[],"product_brand":[],"product_cat":[245],"product_tag":[],"class_list":{"0":"post-3254","1":"product","2":"type-product","3":"status-publish","4":"has-post-thumbnail","6":"product_cat-adhesifs-pour-vinyle","8":"first","9":"instock","10":"shipping-taxable","11":"product-type-simple"},"_links":{"self":[{"href":"https:\/\/capitolflooringproducts.com\/fr\/wp-json\/wp\/v2\/product\/3254","targetHints":{"allow":["GET"]}}],"collection":[{"href":"https:\/\/capitolflooringproducts.com\/fr\/wp-json\/wp\/v2\/product"}],"about":[{"href":"https:\/\/capitolflooringproducts.com\/fr\/wp-json\/wp\/v2\/types\/product"}],"wp:featuredmedia":[{"embeddable":true,"href":"https:\/\/capitolflooringproducts.com\/fr\/wp-json\/wp\/v2\/media\/5148"}],"wp:attachment":[{"href":"https:\/\/capitolflooringproducts.com\/fr\/wp-json\/wp\/v2\/media?parent=3254"}],"wp:term":[{"taxonomy":"product_brand","embeddable":true,"href":"https:\/\/capitolflooringproducts.com\/fr\/wp-json\/wp\/v2\/product_brand?post=3254"},{"taxonomy":"product_cat","embeddable":true,"href":"https:\/\/capitolflooringproducts.com\/fr\/wp-json\/wp\/v2\/product_cat?post=3254"},{"taxonomy":"product_tag","embeddable":true,"href":"https:\/\/capitolflooringproducts.com\/fr\/wp-json\/wp\/v2\/product_tag?post=3254"}],"curies":[{"name":"wp","href":"https:\/\/api.w.org\/{rel}","templated":true}]}}