{"id":3882,"date":"2022-03-14T17:06:35","date_gmt":"2022-03-14T21:06:35","guid":{"rendered":"https:\/\/capitolflooringproducts.com\/privacy-policy\/"},"modified":"2025-06-04T20:52:47","modified_gmt":"2025-06-05T00:52:47","slug":"privacy-policy","status":"publish","type":"page","link":"https:\/\/capitolflooringproducts.com\/fr\/privacy-policy\/","title":{"rendered":"Politique de confidentialit\u00e9"},"content":{"rendered":"<p><strong>Nous pr\u00e9servons la confidentialit\u00e9 des Informations personnelles et limitons leur utilisation<\/strong><br \/>\nLes informations que vous nous fournissez lorsque vous consultez notre Site se r\u00e9partissent en deux grandes cat\u00e9gories : Les Informations personnelles d\u2019identification et les Informations globales. Les \u00ab Informations personnelles d\u2019identification \u00bb d\u00e9signent des informations qui peuvent permettre de vous identifier ou de vous contacter, comme votre nom, votre adresse de courriel ou votre adresse postale. Les \u00ab Informations globales \u00bb d\u00e9signent des informations qui ne permettent pas de vous identifier et peuvent inclure, notamment, des informations statistiques concernant les pages Web sur notre site que les utilisateurs consultent le plus souvent. Nous ne partageons pas \u00e0 des tiers non concern\u00e9s les Informations personnelles d\u2019identification que vous nous transmettez. Les \u00ab tiers non concern\u00e9s \u00bb d\u00e9signent toute personne (i) non impliqu\u00e9e directement dans la maintenance ou le fonctionnement de notre Site, ou (ii) non impliqu\u00e9e dans l\u2019ex\u00e9cution des requ\u00eates que vous effectuez sur notre Site, ou (iii) non membre des soci\u00e9t\u00e9s du groupe Capitol<sup>\u00ae<\/sup>.<\/p>\n<p>Nous utilisons les informations personnelles d\u2019identification que vous nous fournissez exclusivement aux fins pour lesquelles vous nous les avez transmises. Par exemple, si vous demandez \u00e0 recevoir des informations sp\u00e9cifiques et que vous nous fournissez des coordonn\u00e9es (il peut s\u2019agir d\u2019Informations personnelles d\u2019identification, comme une adresse de courriel, une adresse postale ou un num\u00e9ro de t\u00e9l\u00e9phone), nous utiliserons ces informations pour vous contacter dans le cadre de votre demande ou pour vous envoyer des informations.<\/p>\n<p><strong>Exceptions \u00e0 notre Politique de confidentialit\u00e9<\/strong><br \/>\nIl existe certaines exceptions \u00e0 notre Politique de confidentialit\u00e9 puisque Capitol\u00ae peut \u00eatre contrainte de divulguer ou d\u2019utiliser des Informations d\u2019identification personnelles que Capitol\u00ae croit, de bonne foi, \u00eatre appropri\u00e9s dans le cadre d&rsquo;une proc\u00e9dure judiciaire, ou suite \u00e0 une assignation, un mandat, une ordonnance du tribunal, un pr\u00e9l\u00e8vement, une saisie, une ordonnance d&rsquo;un s\u00e9questre nomm\u00e9 par le tribunal ou toute autre proc\u00e9dure judiciaire comparable, y compris les assignations d\u2019entit\u00e9s priv\u00e9es dans une action civile, ou comme Capitol\u00ae le croit appropri\u00e9, afin d\u2019appliquer les Conditions ou de prot\u00e9ger l&rsquo;int\u00e9grit\u00e9 de notre Site.<\/p>\n<p><strong>Utilisation des \u00ab cookies \u00bb<\/strong><br \/>\nNous pouvons collecter des Informations globales concernant votre utilisation de notre Site par le biais de cookies et technologies Web similaires. Les \u00ab cookies \u00bb sont des petits \u00e9l\u00e9ments d\u2019informations qu\u2019un site Web transmet \u00e0 votre disque dur, qui sont enregistr\u00e9s par votre navigateur sur votre disque dur \u00e0 des fins d&rsquo;archivage (comme le stockage des pr\u00e9f\u00e9rences de l&rsquo;utilisateur). Si nous utilisons des cookies, ils ne collectent pas ou ne conserve pas votre nom ou toute autre Information personnelle d\u2019identification. Si nous utilisons des cookies, nous traiterons toutes les informations qui peuvent \u00eatre collect\u00e9es par des cookies et des technologies Web similaires comme des Informations globales.<\/p>\n<p><strong>Si vous consultez notre Site dans le but de parcourir, lire ou t\u00e9l\u00e9charger des informations<\/strong><br \/>\nNous pouvons collecter et stocker : le nom du domaine et de l&rsquo;h\u00f4te \u00e0 partir duquel vous acc\u00e9dez \u00e0 Internet (par exemple aol.com) ; l\u2019adresse du protocole Internet (IP) de l\u2019ordinateur que vous utilisez ; le logiciel de navigateur que vous utilisez et votre syst\u00e8me d\u2019exploitation ; la date et l\u2019heure auxquelles vous acc\u00e9dez \u00e0 notre Site et toute activit\u00e9 sur notre Site ; et l\u2019adresse Internet du site Web depuis lequel vous avez rejoint notre Site. Si nous collectons ces informations, nous les utilisons pour g\u00e9rer le syst\u00e8me, mesurer le nombre de visiteurs sur notre Site, am\u00e9liorer les performances du Site, contribuer \u00e0 rendre le Site plus utile et\/ou recueillir des Informations globales. Nous n\u2019associons pas une adresse IP \u00e0 des Informations d\u2019identification personnelles, la session d&rsquo;un utilisateur sera donc enregistr\u00e9e mais l&rsquo;utilisateur restera anonyme pour nous. Si nous d\u00e9cidons d\u2019associer des Informations globales ou votre adresse IP \u00e0 vos Informations d\u2019identification personnelles, nous traiterons ces informations comme des \u00ab Informations d\u2019identification personnelles \u00bb \u00e0 toutes fins utiles, conform\u00e9ment \u00e0 notre Politique de confidentialit\u00e9 figurant dans le pr\u00e9sent document.<\/p>\n<p><strong>Questions<\/strong><br \/>\nSi vous avez des questions concernant nos Conditions ou la pr\u00e9sente Politique de confidentialit\u00e9, veuillez consulter notre section <a href=\"https:\/\/capitolflooringproducts.com\/fr\/nous-contacter\/\">Nous contacter<\/a>.<\/p>\n","protected":false},"excerpt":{"rendered":"<p>Nous pr\u00e9servons la confidentialit\u00e9 des Informations personnelles et limitons leur utilisation Les informations que vous nous fournissez lorsque vous consultez notre Site se r\u00e9partissent en deux&#8230;<\/p>\n","protected":false},"author":1,"featured_media":0,"parent":0,"menu_order":0,"comment_status":"closed","ping_status":"closed","template":"","meta":{"footnotes":""},"class_list":["post-3882","page","type-page","status-publish","hentry"],"_links":{"self":[{"href":"https:\/\/capitolflooringproducts.com\/fr\/wp-json\/wp\/v2\/pages\/3882","targetHints":{"allow":["GET"]}}],"collection":[{"href":"https:\/\/capitolflooringproducts.com\/fr\/wp-json\/wp\/v2\/pages"}],"about":[{"href":"https:\/\/capitolflooringproducts.com\/fr\/wp-json\/wp\/v2\/types\/page"}],"author":[{"embeddable":true,"href":"https:\/\/capitolflooringproducts.com\/fr\/wp-json\/wp\/v2\/users\/1"}],"replies":[{"embeddable":true,"href":"https:\/\/capitolflooringproducts.com\/fr\/wp-json\/wp\/v2\/comments?post=3882"}],"version-history":[{"count":3,"href":"https:\/\/capitolflooringproducts.com\/fr\/wp-json\/wp\/v2\/pages\/3882\/revisions"}],"predecessor-version":[{"id":7702,"href":"https:\/\/capitolflooringproducts.com\/fr\/wp-json\/wp\/v2\/pages\/3882\/revisions\/7702"}],"wp:attachment":[{"href":"https:\/\/capitolflooringproducts.com\/fr\/wp-json\/wp\/v2\/media?parent=3882"}],"curies":[{"name":"wp","href":"https:\/\/api.w.org\/{rel}","templated":true}]}}