{"id":3880,"date":"2022-03-14T17:05:58","date_gmt":"2022-03-14T21:05:58","guid":{"rendered":"https:\/\/capitolflooringproducts.com\/terms-conditions\/"},"modified":"2025-06-04T20:52:47","modified_gmt":"2025-06-05T00:52:47","slug":"terms-conditions","status":"publish","type":"page","link":"https:\/\/capitolflooringproducts.com\/fr\/terms-conditions\/","title":{"rendered":"Conditions g\u00e9n\u00e9rales"},"content":{"rendered":"<p>Capitol<sup>\u00ae<\/sup> (\u00ab nous \u00bb) fournit ce Site et l\u2019ensemble du contenu (collectivement les \u00ab supports \u00bb) sous r\u00e9serve des conditions suivantes d&rsquo;utilisation et de la Politique de confidentialit\u00e9 suivantes (collectivement les \u00ab Conditions \u00bb). Capitol<sup>\u00ae<\/sup> se r\u00e9serve le droit de modifier ou de mettre \u00e0 jour ces Conditions \u00e0 tout moment. Capitol<sup>\u00ae<\/sup> publiera ces modifications sur ce Site, vous \u00eates donc encourag\u00e9 \u00e0 consulter r\u00e9guli\u00e8rement les pr\u00e9sentes Conditions. En continuant \u00e0 utiliser ce site, vous acceptez les Conditions et toutes les modifications qui y sont apport\u00e9es.<\/p>\n<p><strong>Les Informations sont fournies exclusivement \u00e0 titre d\u2019information<\/strong><br \/>\nTOUS LES SUPPORTS SUR CE SITE SONT FOURNIS EXCLUSIVEMENT \u00c0 TITRE D\u2019INFORMATION. Capitol<sup>\u00ae<\/sup> NE PEUT GARANTIR L&rsquo;EXACTITUDE, L&rsquo;EFFICACIT\u00c9 OU L&rsquo;AD\u00c9QUATION DES SUPPORTS.<\/p>\n<p><strong>Propri\u00e9t\u00e9 du Site et du contenu ; t\u00e9l\u00e9chargement<\/strong><br \/>\nCe Site est d\u00e9tenu par Capitol<sup>\u00ae<\/sup>. Sauf indication contraire, tous les textes, images, illustrations, dessins, ic\u00f4nes, photographies, clips vid\u00e9o, liens, logos, ic\u00f4nes et autres \u00e9l\u00e9ments et supports qui font partie de ce Site ou qui y sont publi\u00e9s (collectivement le \u00ab Contenu \u00bb) sont des \u0153uvres prot\u00e9g\u00e9es par le droit d&rsquo;auteur, des marques commerciales ou d&rsquo;autres propri\u00e9t\u00e9s intellectuelles d\u00e9tenues, contr\u00f4l\u00e9es ou conc\u00e9d\u00e9es sous licence par Capitol<sup>\u00ae<\/sup>. Tous droits r\u00e9serv\u00e9s.<\/p>\n<p>Le Contenu et le pr\u00e9sent Site dans son ensemble sont destin\u00e9s uniquement \u00e0 votre usage personnel. Vous pouvez t\u00e9l\u00e9charger ou copier le Contenu affich\u00e9 sur le pr\u00e9sent Site pour votre usage personnel exclusivement, dans la mesure o\u00f9 vous comprenez et acceptez que vous ne pouvez pas supprimer, alt\u00e9rer ou couvrir tout droit d&rsquo;auteur ou autre avis de propri\u00e9t\u00e9 d\u00e9pos\u00e9 sur ce Site ou le Contenu associ\u00e9, et que l&rsquo;utilisation personnelle n&rsquo;inclut pas le droit de republier, distribuer ou modifier le Contenu de quelque mani\u00e8re que ce soit.<\/p>\n<p><strong>Liens vers d\u2019autres Sites Web<\/strong><br \/>\nLe pr\u00e9sent Site peut contenir des liens vers des sites et ressources d\u00e9tenus par d\u2019autres individus et entit\u00e9s (collectivement les \u00ab Sites tiers \u00bb). Si vous d\u00e9cidez de visiter les Sites tiers, vous admettez et acceptez que (1) vous le faites \u00e0 vos propres risques, (2) il est de votre responsabilit\u00e9 de vous prot\u00e9ger contre les bombes \u00e0 retardement, les chevaux de Troie, les virus, les vers ou autres routines de programmation informatique susceptibles d&rsquo;endommager, d&rsquo;exproprier, d&rsquo;intercepter ou d&rsquo;interf\u00e9rer avec votre syst\u00e8me informatique, (3) Capitol<sup>\u00ae<\/sup> ne cautionne pas et n&rsquo;est pas responsable des informations, de la publicit\u00e9 ou du contenu des Sites tiers, ni des produits ou services promus, offerts ou vendus sur les Sites tiers, (4) votre acc\u00e8s aux Sites tiers et votre usage de ceux-ci sont soumis aux conditions d&rsquo;utilisation des Sites tiers (y compris leurs politiques respectives en mati\u00e8re de confidentialit\u00e9), (5) Capitol<sup>\u00ae<\/sup> ne fait aucune d\u00e9claration ni ne donne aucune garantie quant \u00e0 l&rsquo;exactitude, l&rsquo;ad\u00e9quation, la disponibilit\u00e9, l&rsquo;exhaustivit\u00e9, l&rsquo;absence de virus, les performances, la qualit\u00e9, la s\u00e9curit\u00e9 ou l&rsquo;actualit\u00e9 des Sites tiers ou de leur contenu.<\/p>\n<p><strong>Avis de non-responsabilit\u00e9<\/strong><br \/>\nLE PR\u00c9SENT SITE ET SON CONTENU SONT FOURNIS \u00ab TELS QUELS \u00bb, SANS GARANTIE D\u2019AUCUNE SORTE, EXPRESSE OU IMPLICITE, Y COMPRIS, MAIS SANS S&rsquo;Y LIMITER, LES GARANTIES DE TITRE OU LES GARANTIES IMPLICITES DE QUALIT\u00c9 MARCHANDE OU D&rsquo;AD\u00c9QUATION \u00c0 UN USAGE PARTICULIER. VOUS UTILISEZ CE SITE \u00c0 VOS RISQUES ET P\u00c9RILS, ET VOUS ASSUMEZ L&rsquo;ENTI\u00c8RE RESPONSABILIT\u00c9 DE TOUS LES CO\u00dbTS LI\u00c9S \u00c0 L&rsquo;ENTRETIEN OU AUX R\u00c9PARATIONS N\u00c9CESSAIRES DE TOUT \u00c9QUIPEMENT QUE VOUS UTILISEZ DANS LE CADRE DE VOTRE UTILISATION DE NOTRE SITE, ET Capitol<sup>\u00ae<\/sup> N\u2019EST PAS RESPONSABLE DES DOMMAGES, DE QUELQUE NATURE QUE CE SOIT, LI\u00c9S \u00c0 L&rsquo;UTILISATION DE NOTRE SITE. Veuillez noter que certaines juridictions n\u2019autorisent pas l\u2019exclusion de garanties implicites, certaines exclusions mentionn\u00e9es ci-dessus peuvent donc ne pas s&rsquo;appliquer \u00e0 vous. Consultez votre l\u00e9gislation locale pour conna\u00eetre les \u00e9ventuelles restrictions ou limitations en mati\u00e8re d\u2019exclusion des garanties implicites.<\/p>\n<p><strong>Avis de non-responsabilit\u00e9 concernant les photos de produits<\/strong><br \/>\nLes images de produits sur ce site sont fournies afin de vous aider \u00e0 choisir le produit adapt\u00e9 \u00e0 votre usage. Le couleur des produits r\u00e9els peut \u00eatre diff\u00e9rente.<\/p>\n<p><strong>Responsabilit\u00e9 limit\u00e9e<\/strong><br \/>\nDANS LA MESURE AUTORIS\u00c9E PAR LA LOI, Capitol<sup>\u00ae<\/sup>, POUR SON PROPRE COMPTE ET POUR LE COMPTE DE SES SOCI\u00c9T\u00c9S AFFILI\u00c9ES, D\u00c9CLINE EXPRESS\u00c9MENT TOUTE RESPONSABILIT\u00c9 EN CAS DE R\u00c9CLAMATIONS, DOMMAGES, D\u00c9PENSES (Y COMPRIS LES HONORAIRES D&rsquo;AVOCAT RAISONNABLES) OU PERTES CONS\u00c9CUTIFS, DIRECTS, EXEMPLAIRES, ACCESSOIRES, INDIRECTS, PUNITIFS, SP\u00c9CIAUX OU AUTRES, Y COMPRIS LES DOMMAGES LI\u00c9S \u00c0 LA PERTE D&rsquo;UTILISATION DES MAT\u00c9RIAUX OU DU CONTENU, \u00c0 LA PERTE D&rsquo;ACC\u00c8S \u00c0 CE SITE, \u00c0 LA PERTE DE B\u00c9N\u00c9FICES OU \u00c0 D&rsquo;AUTRES PERTES INTANGIBLES, QUE CE SOIT DANS LE CADRE D&rsquo;UN CONTRAT, RESPONSABILIT\u00c9 D\u00c9LICTUELLE (Y COMPRIS LA N\u00c9GLIGENCE), RESPONSABILIT\u00c9 STRICTE, RESPONSABILIT\u00c9 DU FAIT DES PRODUITS OU TOUTE AUTRE TH\u00c9ORIE DE LA RESPONSABILIT\u00c9, D\u00c9COULANT DE, LI\u00c9E \u00c0 OU EN RAPPORT AVEC VOTRE ACC\u00c8S OU VOTRE UTILISATION DU SITE, DES SUPPORTS, DU CONTENU, DES SITES TIERS, M\u00caME SI NOUS AVONS \u00c9T\u00c9 INFORM\u00c9S DE CETTE \u00c9VENTUALIT\u00c9, OU SI CETTE R\u00c9CLAMATION, CE DOMMAGE, CETTE D\u00c9PENSE OU CETTE PERTE \u00c9TAIT PR\u00c9VISIBLE DE QUELQUE MANI\u00c8RE QUE CE SOIT.<\/p>\n<p><strong>Questions<\/strong><br \/>\nSi vous avez des questions concernant nos Conditions g\u00e9n\u00e9rales, veuillez consulter notre section <a href=\"https:\/\/capitolflooringproducts.com\/fr\/nous-contacter\/\">Nous contacter<\/a>.<\/p>\n","protected":false},"excerpt":{"rendered":"<p>Capitol\u00ae (\u00ab nous \u00bb) fournit ce Site et l\u2019ensemble du contenu (collectivement les \u00ab supports \u00bb) sous r\u00e9serve des conditions suivantes d&rsquo;utilisation et de la Politique&#8230;<\/p>\n","protected":false},"author":1,"featured_media":0,"parent":0,"menu_order":0,"comment_status":"closed","ping_status":"closed","template":"","meta":{"footnotes":""},"class_list":["post-3880","page","type-page","status-publish","hentry"],"_links":{"self":[{"href":"https:\/\/capitolflooringproducts.com\/fr\/wp-json\/wp\/v2\/pages\/3880","targetHints":{"allow":["GET"]}}],"collection":[{"href":"https:\/\/capitolflooringproducts.com\/fr\/wp-json\/wp\/v2\/pages"}],"about":[{"href":"https:\/\/capitolflooringproducts.com\/fr\/wp-json\/wp\/v2\/types\/page"}],"author":[{"embeddable":true,"href":"https:\/\/capitolflooringproducts.com\/fr\/wp-json\/wp\/v2\/users\/1"}],"replies":[{"embeddable":true,"href":"https:\/\/capitolflooringproducts.com\/fr\/wp-json\/wp\/v2\/comments?post=3880"}],"version-history":[{"count":2,"href":"https:\/\/capitolflooringproducts.com\/fr\/wp-json\/wp\/v2\/pages\/3880\/revisions"}],"predecessor-version":[{"id":7699,"href":"https:\/\/capitolflooringproducts.com\/fr\/wp-json\/wp\/v2\/pages\/3880\/revisions\/7699"}],"wp:attachment":[{"href":"https:\/\/capitolflooringproducts.com\/fr\/wp-json\/wp\/v2\/media?parent=3880"}],"curies":[{"name":"wp","href":"https:\/\/api.w.org\/{rel}","templated":true}]}}