{"id":3745,"date":"2023-03-21T11:07:56","date_gmt":"2023-03-21T15:07:56","guid":{"rendered":"https:\/\/capitolflooringproducts.com\/lengagement-ferme-de-capitol-en-matiere-de-durabilite\/"},"modified":"2023-09-22T09:51:49","modified_gmt":"2023-09-22T13:51:49","slug":"lengagement-ferme-de-capitol-en-matiere-de-durabilite","status":"publish","type":"page","link":"https:\/\/capitolflooringproducts.com\/fr\/lengagement-ferme-de-capitol-en-matiere-de-durabilite\/","title":{"rendered":"L\u2019engagement ferme de Capitol en mati\u00e8re de durabilit\u00e9"},"content":{"rendered":"<p>[vc_row][vc_column width=\u00a0\u00bb2\/3&Prime;][vc_column_text]Chez Capitol\u00ae, l\u2019innovation et le respect de l\u2019environnement vont de pair.<\/p>\n<p>Nous nous mettons r\u00e9guli\u00e8rement au d\u00e9fi de r\u00e9imaginer la conception, l\u2019emballage et la construction de nos produits avec des composants et des mat\u00e9riaux recyclables, biod\u00e9gradables et \u00e9cologiques. Plusieurs de nos adh\u00e9sifs comptent pour au moins un point dans le syst\u00e8me de classement LEED d\u00e9crit par le U.S. Green Building Council et le logo Green Label +Plus du CRI logo indique que nos adh\u00e9sifs ont fait l\u2019objet d\u2019essais rigoureux et r\u00e9pondent aux plus stricts crit\u00e8res en mati\u00e8re d\u2019\u00e9missions de substances chimiques, et ils sont les produits sur le march\u00e9 avec la plus faible \u00e9mission de COV.<\/p>\n<p>Nous sommes fiers de nos plus r\u00e9cents jalons relatifs au respect de l\u2019environnement et de la durabilit\u00e9 :<\/p>\n<ul>\n<li aria-level=\"1\">L\u2019\u00e9limination du plastique \u00e0 usage unique de plus de 10 articles<\/li>\n<li aria-level=\"1\">Le remplacement de milliers de livres de plastique vierge par du plastique recycl\u00e9<\/li>\n<li aria-level=\"1\">Le remplacement de milliers de livres de plastique par du carton recycl\u00e9<\/li>\n<li aria-level=\"1\">L\u2019augmentation du nombre d\u2019adh\u00e9sifs certifi\u00e9s CRI<\/li>\n<\/ul>\n<p>[\/vc_column_text][\/vc_column][vc_column width=\u00a0\u00bb1\/3&Prime;][vc_single_image image=\u00a0\u00bb1826&Prime; img_size=\u00a0\u00bbmedium\u00a0\u00bb alignment=\u00a0\u00bbcenter\u00a0\u00bb][vc_single_image image=\u00a0\u00bb1828&Prime; img_size=\u00a0\u00bbmedium\u00a0\u00bb alignment=\u00a0\u00bbcenter\u00a0\u00bb][\/vc_column][\/vc_row]<\/p>\n","protected":false},"excerpt":{"rendered":"<p>[vc_row][vc_column width=\u00a0\u00bb2\/3&Prime;][vc_column_text]Chez Capitol\u00ae, l\u2019innovation et le respect de l\u2019environnement vont de pair. Nous nous mettons r\u00e9guli\u00e8rement au d\u00e9fi de r\u00e9imaginer la conception, l\u2019emballage et la construction&#8230;<\/p>\n","protected":false},"author":1,"featured_media":0,"parent":0,"menu_order":0,"comment_status":"closed","ping_status":"closed","template":"","meta":{"footnotes":""},"class_list":["post-3745","page","type-page","status-publish","hentry"],"_links":{"self":[{"href":"https:\/\/capitolflooringproducts.com\/fr\/wp-json\/wp\/v2\/pages\/3745","targetHints":{"allow":["GET"]}}],"collection":[{"href":"https:\/\/capitolflooringproducts.com\/fr\/wp-json\/wp\/v2\/pages"}],"about":[{"href":"https:\/\/capitolflooringproducts.com\/fr\/wp-json\/wp\/v2\/types\/page"}],"author":[{"embeddable":true,"href":"https:\/\/capitolflooringproducts.com\/fr\/wp-json\/wp\/v2\/users\/1"}],"replies":[{"embeddable":true,"href":"https:\/\/capitolflooringproducts.com\/fr\/wp-json\/wp\/v2\/comments?post=3745"}],"version-history":[{"count":4,"href":"https:\/\/capitolflooringproducts.com\/fr\/wp-json\/wp\/v2\/pages\/3745\/revisions"}],"predecessor-version":[{"id":3754,"href":"https:\/\/capitolflooringproducts.com\/fr\/wp-json\/wp\/v2\/pages\/3745\/revisions\/3754"}],"wp:attachment":[{"href":"https:\/\/capitolflooringproducts.com\/fr\/wp-json\/wp\/v2\/media?parent=3745"}],"curies":[{"name":"wp","href":"https:\/\/api.w.org\/{rel}","templated":true}]}}