{"id":3742,"date":"2023-04-18T12:16:25","date_gmt":"2023-04-18T16:16:25","guid":{"rendered":"https:\/\/capitolflooringproducts.com\/qui-est-capitol\/"},"modified":"2023-04-18T12:16:25","modified_gmt":"2023-04-18T16:16:25","slug":"qui-est-capitol","status":"publish","type":"page","link":"https:\/\/capitolflooringproducts.com\/fr\/qui-est-capitol\/","title":{"rendered":"Qui est Capitol?"},"content":{"rendered":"<p><span style=\"font-weight: 400;\">Capitol<sup>\u00ae<\/sup> est un fabricant, importateur et distributeur d\u2019outils, d\u2019adh\u00e9sifs et d\u2019accessoires professionnels pour l\u2019installation de rev\u00eatements de sol. <\/span><\/p>\n<p><span style=\"font-weight: 400;\">Nous nous sp\u00e9cialisons dans la conception par des professionnels pour les professionnels de solutions d\u2019installation de rev\u00eatement de sol sp\u00e9cialis\u00e9es qui r\u00e9pondent aux besoins de forme et de fonction des installateurs d\u2019aujourd\u2019hui.<\/span><\/p>\n<p><span style=\"font-weight: 400;\">S\u2019appuyant sur des d\u00e9cennies d\u2019innovation dans les produits et d\u2019exp\u00e9rience de vente au d\u00e9tail et de mise en march\u00e9, la marque Capitol<sup>\u00ae<\/sup> est motiv\u00e9e par trois grands principes : RENDEMENT, QUALIT\u00c9 et FI\u00c8RET\u00c9.<\/span><\/p>\n<p><span style=\"font-weight: 400;\">Ces principes sont le fondement de tout ce que nous faisons \u2013 de la conception, fabrication, mise \u00e0 l\u2019essai et assurance qualit\u00e9 de nos produits au service \u00e0 la client\u00e8le et le soutien technique que nous offrons visant la confiance et la fid\u00e9lit\u00e9 que des g\u00e9n\u00e9rations d\u2019installateurs nous ont accord\u00e9es.<\/span><\/p>\n<h2 class=\"text-center my-5\" style=\"text-align: center;\">Une marque digne de confiance<\/h2>\n<p>Une marque sup\u00e9rieure d\u2019outils, d\u2019adh\u00e9sifs et d\u2019accessoires pour rev\u00eatement de sol, Capitol<sup>\u00ae<\/sup> tire parti de l\u2019exp\u00e9rience du secteur et de relations de longue date avec les organisations des m\u00e9tiers pour pr\u00e9senter au march\u00e9 des solutions motiv\u00e9es et approuv\u00e9es par les installateurs.<\/p>\n<p>En raison de notre engagement \u00e0 d\u00e9passer vos attentes, vous pouvez vous fier sur:<\/p>\n<ul>\n<li aria-level=\"1\">1,5M pi\u00b2 d\u2019espace d\u2019entreposage et de fabrication pour garantir des quantit\u00e9s en lots<\/li>\n<li aria-level=\"1\">Une \u00e9quipe de recherche et d\u00e9veloppement d\u00e9vou\u00e9e \u00e0 l\u2019innovation dans nos produits<\/li>\n<li aria-level=\"1\">Un soutien technique de niveau expert pour r\u00e9soudre vos questions sur les produits et le secteur<\/li>\n<li aria-level=\"1\">Un service \u00e0 la client\u00e8le multilingue insurpass\u00e9<\/li>\n<li aria-level=\"1\">Des partenariats avec des intervenants du secteur pour soutenir et investir dans le m\u00e9tier<\/li>\n<\/ul>\n","protected":false},"excerpt":{"rendered":"<p>Capitol\u00ae est un fabricant, importateur et distributeur d\u2019outils, d\u2019adh\u00e9sifs et d\u2019accessoires professionnels pour l\u2019installation de rev\u00eatements de sol. Nous nous sp\u00e9cialisons dans la conception par des&#8230;<\/p>\n","protected":false},"author":1,"featured_media":0,"parent":0,"menu_order":0,"comment_status":"closed","ping_status":"closed","template":"","meta":{"footnotes":""},"class_list":["post-3742","page","type-page","status-publish","hentry"],"_links":{"self":[{"href":"https:\/\/capitolflooringproducts.com\/fr\/wp-json\/wp\/v2\/pages\/3742","targetHints":{"allow":["GET"]}}],"collection":[{"href":"https:\/\/capitolflooringproducts.com\/fr\/wp-json\/wp\/v2\/pages"}],"about":[{"href":"https:\/\/capitolflooringproducts.com\/fr\/wp-json\/wp\/v2\/types\/page"}],"author":[{"embeddable":true,"href":"https:\/\/capitolflooringproducts.com\/fr\/wp-json\/wp\/v2\/users\/1"}],"replies":[{"embeddable":true,"href":"https:\/\/capitolflooringproducts.com\/fr\/wp-json\/wp\/v2\/comments?post=3742"}],"version-history":[{"count":0,"href":"https:\/\/capitolflooringproducts.com\/fr\/wp-json\/wp\/v2\/pages\/3742\/revisions"}],"wp:attachment":[{"href":"https:\/\/capitolflooringproducts.com\/fr\/wp-json\/wp\/v2\/media?parent=3742"}],"curies":[{"name":"wp","href":"https:\/\/api.w.org\/{rel}","templated":true}]}}