{"id":3733,"date":"2022-03-14T15:00:18","date_gmt":"2022-03-14T19:00:18","guid":{"rendered":"https:\/\/capitolflooringproducts.com\/home\/"},"modified":"2024-09-20T12:39:26","modified_gmt":"2024-09-20T16:39:26","slug":"home","status":"publish","type":"page","link":"https:\/\/capitolflooringproducts.com\/fr\/","title":{"rendered":"Home"},"content":{"rendered":"<p>[vc_section css=\u00a0\u00bb.vc_custom_1647270956198{margin-bottom: 0px !important;padding-top: 0px !important;padding-bottom: 0px !important;}\u00a0\u00bb][vc_row][vc_column css=\u00a0\u00bb.vc_custom_1676913343689{margin-bottom: 0px !important;padding-bottom: 0px !important;}\u00a0\u00bb][vc_raw_html el_class=\u00a0\u00bbd-none d-sm-block\u00a0\u00bb css=\u00a0\u00bb.vc_custom_1695389043202{margin-bottom: 0px !important;padding-bottom: 0px !important;}\u00a0\u00bb]JTVCbWV0YXNsaWRlciUyMGlkJTNEJTIyMTgxMCUyMiU1RA==[\/vc_raw_html][vc_raw_html el_class=\u00a0\u00bbd-block d-sm-none\u00a0\u00bb css=\u00a0\u00bb.vc_custom_1695389038284{margin-bottom: 0px !important;padding-bottom: 0px !important;}\u00a0\u00bb]JTVCbWV0YXNsaWRlciUyMGlkJTNEJTIyMjA1NCUyMiU1RA==[\/vc_raw_html][vc_raw_html el_id=\u00a0\u00bbslide_heading_fr\u00a0\u00bb]JTNDaDElM0UlM0NzbWFsbCUzRU9VVElMUyUyQyUyMEFESCVDMyU4OVNJRlMlMjBFVCUyMEFDQ0VTU09JUkVTJTNDJTJGc21hbGwlM0UlMjBQUk9GRVNTSU9OTkVMUyUyMFBPVVIlMjBMJUUyJTgwJTk5SU5TVEFMTEFUSU9OJTIwJTBBREUlMjBSRVYlQzMlOEFURU1FTlRTJTIwREUlMjBTT0wlM0MlMkZoMSUzRQ==[\/vc_raw_html][\/vc_column][\/vc_row][\/vc_section][vc_section css=\u00a0\u00bb.vc_custom_1676912840341{padding-top: 30px !important;padding-bottom: 30px !important;background-color: #1a468c !important;}\u00a0\u00bb][vc_row el_class=\u00a0\u00bbpx-3 px-md-5&Prime;][vc_column css=\u00a0\u00bb.vc_custom_1676913596064{margin-top: 15px !important;}\u00a0\u00bb el_class=\u00a0\u00bbtext-white\u00a0\u00bb][vc_column_text]<\/p>\n<h2 class=\"text-white\" style=\"text-align: center;\">Produits phares<\/h2>\n<p>[\/vc_column_text][vc_raw_html el_class=\u00a0\u00bbtext-white\u00a0\u00bb]JTVCcHJvZHVjdHMlMjBza3VzJTNEJTIyUFM3MzUtNCUyQzExMDMwMCUyQzExMDQwMCUyQzExMDcwMCUyMiUyMGNvbHVtbnMlM0QlMjI0JTIyJTVE[\/vc_raw_html][\/vc_column][\/vc_row][\/vc_section][vc_section css=\u00a0\u00bb.vc_custom_1676916189763{margin-top: 35px !important;}\u00a0\u00bb][vc_row][vc_column][vc_column_text]<\/p>\n<h2 style=\"text-align: center;\">D\u00e9couvrez nos offres<\/h2>\n<p>[\/vc_column_text][vc_row_inner el_class=\u00a0\u00bbcontainer\u00a0\u00bb css=\u00a0\u00bb.vc_custom_1682516277086{margin-bottom: 0px !important;}\u00a0\u00bb][vc_column_inner][vc_column_text css=\u00a0\u00bb.vc_custom_1725492258706{margin-bottom: 0px !important;}\u00a0\u00bb]<div class=\"woocommerce columns-3\"><ul class=\"products columns-3\">\n<li class=\"product-category product first\">\n\t<a aria-label=\"Acc\u00e9der \u00e0 la cat\u00e9gorie de produits Adh\u00e9sifs\" href=\"https:\/\/capitolflooringproducts.com\/fr\/categorie-produit\/adhesives-trowels-fr\/adhesives-fr\/\"><img decoding=\"async\" data-src=\"https:\/\/capitolflooringproducts.com\/wp-content\/uploads\/2024\/04\/Adhesives.jpg\" alt=\"Adh\u00e9sifs\" width=\"600\" height=\"600\" data-srcset=\"https:\/\/capitolflooringproducts.com\/wp-content\/uploads\/2024\/04\/Adhesives.jpg 600w, https:\/\/capitolflooringproducts.com\/wp-content\/uploads\/2024\/04\/Adhesives-300x300.jpg 300w, https:\/\/capitolflooringproducts.com\/wp-content\/uploads\/2024\/04\/Adhesives-150x150.jpg 150w, https:\/\/capitolflooringproducts.com\/wp-content\/uploads\/2024\/04\/Adhesives-100x100.jpg 100w\" data-sizes=\"(max-width: 600px) 100vw, 600px\" src=\"data:image\/svg+xml;base64,PHN2ZyB3aWR0aD0iMSIgaGVpZ2h0PSIxIiB4bWxucz0iaHR0cDovL3d3dy53My5vcmcvMjAwMC9zdmciPjwvc3ZnPg==\" class=\"lazyload\" style=\"--smush-placeholder-width: 600px; --smush-placeholder-aspect-ratio: 600\/600;\" \/>\t\t<h2 class=\"woocommerce-loop-category__title\">\n\t\t\tAdh\u00e9sifs\t\t<\/h2>\n\t\t<\/a><\/li>\n<li class=\"product-category product\">\n\t<a aria-label=\"Acc\u00e9der \u00e0 la cat\u00e9gorie de produits Truelles\" href=\"https:\/\/capitolflooringproducts.com\/fr\/categorie-produit\/adhesives-trowels-fr\/truelles\/\"><img decoding=\"async\" data-src=\"https:\/\/capitolflooringproducts.com\/wp-content\/uploads\/2023\/04\/Trowels.jpg\" alt=\"Truelles\" width=\"600\" height=\"600\" data-srcset=\"https:\/\/capitolflooringproducts.com\/wp-content\/uploads\/2023\/04\/Trowels.jpg 600w, https:\/\/capitolflooringproducts.com\/wp-content\/uploads\/2023\/04\/Trowels-100x100.jpg 100w\" data-sizes=\"(max-width: 600px) 100vw, 600px\" src=\"data:image\/svg+xml;base64,PHN2ZyB3aWR0aD0iMSIgaGVpZ2h0PSIxIiB4bWxucz0iaHR0cDovL3d3dy53My5vcmcvMjAwMC9zdmciPjwvc3ZnPg==\" class=\"lazyload\" style=\"--smush-placeholder-width: 600px; --smush-placeholder-aspect-ratio: 600\/600;\" \/>\t\t<h2 class=\"woocommerce-loop-category__title\">\n\t\t\tTruelles\t\t<\/h2>\n\t\t<\/a><\/li>\n<li class=\"product-category product last\">\n\t<a aria-label=\"Acc\u00e9der \u00e0 la cat\u00e9gorie de produits Outils de coupage et taille-tapis\" href=\"https:\/\/capitolflooringproducts.com\/fr\/categorie-produit\/outils-pour-moquette\/outils-de-coupage-et-taille-tapis\/\"><img decoding=\"async\" data-src=\"https:\/\/capitolflooringproducts.com\/wp-content\/uploads\/2023\/04\/Cutters_and_Trimmers.jpg\" alt=\"Outils de coupage et taille-tapis\" width=\"600\" height=\"600\" data-srcset=\"https:\/\/capitolflooringproducts.com\/wp-content\/uploads\/2023\/04\/Cutters_and_Trimmers.jpg 600w, https:\/\/capitolflooringproducts.com\/wp-content\/uploads\/2023\/04\/Cutters_and_Trimmers-100x100.jpg 100w\" data-sizes=\"(max-width: 600px) 100vw, 600px\" src=\"data:image\/svg+xml;base64,PHN2ZyB3aWR0aD0iMSIgaGVpZ2h0PSIxIiB4bWxucz0iaHR0cDovL3d3dy53My5vcmcvMjAwMC9zdmciPjwvc3ZnPg==\" class=\"lazyload\" style=\"--smush-placeholder-width: 600px; --smush-placeholder-aspect-ratio: 600\/600;\" \/>\t\t<h2 class=\"woocommerce-loop-category__title\">\n\t\t\tOutils de coupage et taille-tapis\t\t<\/h2>\n\t\t<\/a><\/li>\n<li class=\"product-category product first\">\n\t<a aria-label=\"Acc\u00e9der \u00e0 la cat\u00e9gorie de produits Genouill\u00e8res et coups de genou\" href=\"https:\/\/capitolflooringproducts.com\/fr\/categorie-produit\/outils-pour-moquette\/genouilleres-et-coups-de-genou\/\"><img decoding=\"async\" data-src=\"https:\/\/capitolflooringproducts.com\/wp-content\/uploads\/2023\/04\/Knee-Pads_and_Knee-Kickers.jpg\" alt=\"Genouill\u00e8res et coups de genou\" width=\"600\" height=\"600\" data-srcset=\"https:\/\/capitolflooringproducts.com\/wp-content\/uploads\/2023\/04\/Knee-Pads_and_Knee-Kickers.jpg 600w, https:\/\/capitolflooringproducts.com\/wp-content\/uploads\/2023\/04\/Knee-Pads_and_Knee-Kickers-100x100.jpg 100w\" data-sizes=\"(max-width: 600px) 100vw, 600px\" src=\"data:image\/svg+xml;base64,PHN2ZyB3aWR0aD0iMSIgaGVpZ2h0PSIxIiB4bWxucz0iaHR0cDovL3d3dy53My5vcmcvMjAwMC9zdmciPjwvc3ZnPg==\" class=\"lazyload\" style=\"--smush-placeholder-width: 600px; --smush-placeholder-aspect-ratio: 600\/600;\" \/>\t\t<h2 class=\"woocommerce-loop-category__title\">\n\t\t\tGenouill\u00e8res et coups de genou\t\t<\/h2>\n\t\t<\/a><\/li>\n<li class=\"product-category product\">\n\t<a aria-label=\"Acc\u00e9der \u00e0 la cat\u00e9gorie de produits Couteaux et fers \u00e0 moquette\" href=\"https:\/\/capitolflooringproducts.com\/fr\/categorie-produit\/outils-pour-moquette\/couteaux-et-fers-a-moquette\/\"><img decoding=\"async\" data-src=\"https:\/\/capitolflooringproducts.com\/wp-content\/uploads\/2023\/04\/Knives_and_Tuckers.jpg\" alt=\"Couteaux et fers \u00e0 moquette\" width=\"600\" height=\"600\" data-srcset=\"https:\/\/capitolflooringproducts.com\/wp-content\/uploads\/2023\/04\/Knives_and_Tuckers.jpg 600w, https:\/\/capitolflooringproducts.com\/wp-content\/uploads\/2023\/04\/Knives_and_Tuckers-100x100.jpg 100w\" data-sizes=\"(max-width: 600px) 100vw, 600px\" src=\"data:image\/svg+xml;base64,PHN2ZyB3aWR0aD0iMSIgaGVpZ2h0PSIxIiB4bWxucz0iaHR0cDovL3d3dy53My5vcmcvMjAwMC9zdmciPjwvc3ZnPg==\" class=\"lazyload\" style=\"--smush-placeholder-width: 600px; --smush-placeholder-aspect-ratio: 600\/600;\" \/>\t\t<h2 class=\"woocommerce-loop-category__title\">\n\t\t\tCouteaux et fers \u00e0 moquette\t\t<\/h2>\n\t\t<\/a><\/li>\n<li class=\"product-category product last\">\n\t<a aria-label=\"Acc\u00e9der \u00e0 la cat\u00e9gorie de produits Rouleaux\" href=\"https:\/\/capitolflooringproducts.com\/fr\/categorie-produit\/outils-pour-moquette\/rouleaux\/\"><img decoding=\"async\" data-src=\"https:\/\/capitolflooringproducts.com\/wp-content\/uploads\/2023\/04\/Rollers.jpg\" alt=\"Rouleaux\" width=\"600\" height=\"600\" data-srcset=\"https:\/\/capitolflooringproducts.com\/wp-content\/uploads\/2023\/04\/Rollers.jpg 600w, https:\/\/capitolflooringproducts.com\/wp-content\/uploads\/2023\/04\/Rollers-100x100.jpg 100w\" data-sizes=\"(max-width: 600px) 100vw, 600px\" src=\"data:image\/svg+xml;base64,PHN2ZyB3aWR0aD0iMSIgaGVpZ2h0PSIxIiB4bWxucz0iaHR0cDovL3d3dy53My5vcmcvMjAwMC9zdmciPjwvc3ZnPg==\" class=\"lazyload\" style=\"--smush-placeholder-width: 600px; --smush-placeholder-aspect-ratio: 600\/600;\" \/>\t\t<h2 class=\"woocommerce-loop-category__title\">\n\t\t\tRouleaux\t\t<\/h2>\n\t\t<\/a><\/li>\n<li class=\"product-category product first\">\n\t<a aria-label=\"Acc\u00e9der \u00e0 la cat\u00e9gorie de produits Grattoirs et leviers\" href=\"https:\/\/capitolflooringproducts.com\/fr\/categorie-produit\/outils-pour-moquette\/grattoirs-et-leviers\/\"><img decoding=\"async\" data-src=\"https:\/\/capitolflooringproducts.com\/wp-content\/uploads\/2023\/04\/Scrapers_and_Pry-Bars.jpg\" alt=\"Grattoirs et leviers\" width=\"600\" height=\"600\" data-srcset=\"https:\/\/capitolflooringproducts.com\/wp-content\/uploads\/2023\/04\/Scrapers_and_Pry-Bars.jpg 600w, https:\/\/capitolflooringproducts.com\/wp-content\/uploads\/2023\/04\/Scrapers_and_Pry-Bars-100x100.jpg 100w\" data-sizes=\"(max-width: 600px) 100vw, 600px\" src=\"data:image\/svg+xml;base64,PHN2ZyB3aWR0aD0iMSIgaGVpZ2h0PSIxIiB4bWxucz0iaHR0cDovL3d3dy53My5vcmcvMjAwMC9zdmciPjwvc3ZnPg==\" class=\"lazyload\" style=\"--smush-placeholder-width: 600px; --smush-placeholder-aspect-ratio: 600\/600;\" \/>\t\t<h2 class=\"woocommerce-loop-category__title\">\n\t\t\tGrattoirs et leviers\t\t<\/h2>\n\t\t<\/a><\/li>\n<li class=\"product-category product\">\n\t<a aria-label=\"Acc\u00e9der \u00e0 la cat\u00e9gorie de produits Rubans et fers\" href=\"https:\/\/capitolflooringproducts.com\/fr\/categorie-produit\/outils-pour-moquette\/rubans-et-fers\/\"><img decoding=\"async\" data-src=\"https:\/\/capitolflooringproducts.com\/wp-content\/uploads\/2023\/04\/Tapes_and_Irons.jpg\" alt=\"Rubans et fers\" width=\"600\" height=\"600\" data-srcset=\"https:\/\/capitolflooringproducts.com\/wp-content\/uploads\/2023\/04\/Tapes_and_Irons.jpg 600w, https:\/\/capitolflooringproducts.com\/wp-content\/uploads\/2023\/04\/Tapes_and_Irons-100x100.jpg 100w\" data-sizes=\"(max-width: 600px) 100vw, 600px\" src=\"data:image\/svg+xml;base64,PHN2ZyB3aWR0aD0iMSIgaGVpZ2h0PSIxIiB4bWxucz0iaHR0cDovL3d3dy53My5vcmcvMjAwMC9zdmciPjwvc3ZnPg==\" class=\"lazyload\" style=\"--smush-placeholder-width: 600px; --smush-placeholder-aspect-ratio: 600\/600;\" \/>\t\t<h2 class=\"woocommerce-loop-category__title\">\n\t\t\tRubans et fers\t\t<\/h2>\n\t\t<\/a><\/li>\n<li class=\"product-category product last\">\n\t<a aria-label=\"Acc\u00e9der \u00e0 la cat\u00e9gorie de produits Sous-couche en li\u00e8ge\" href=\"https:\/\/capitolflooringproducts.com\/fr\/categorie-produit\/cork-underlayment-fr\/\"><img decoding=\"async\" data-src=\"https:\/\/capitolflooringproducts.com\/wp-content\/uploads\/2024\/08\/Cork-Underlayment.jpg\" alt=\"Sous-couche en li\u00e8ge\" width=\"600\" height=\"600\" data-srcset=\"https:\/\/capitolflooringproducts.com\/wp-content\/uploads\/2024\/08\/Cork-Underlayment.jpg 600w, https:\/\/capitolflooringproducts.com\/wp-content\/uploads\/2024\/08\/Cork-Underlayment-300x300.jpg 300w, https:\/\/capitolflooringproducts.com\/wp-content\/uploads\/2024\/08\/Cork-Underlayment-150x150.jpg 150w, https:\/\/capitolflooringproducts.com\/wp-content\/uploads\/2024\/08\/Cork-Underlayment-100x100.jpg 100w\" data-sizes=\"(max-width: 600px) 100vw, 600px\" src=\"data:image\/svg+xml;base64,PHN2ZyB3aWR0aD0iMSIgaGVpZ2h0PSIxIiB4bWxucz0iaHR0cDovL3d3dy53My5vcmcvMjAwMC9zdmciPjwvc3ZnPg==\" class=\"lazyload\" style=\"--smush-placeholder-width: 600px; --smush-placeholder-aspect-ratio: 600\/600;\" \/>\t\t<h2 class=\"woocommerce-loop-category__title\">\n\t\t\tSous-couche en li\u00e8ge\t\t<\/h2>\n\t\t<\/a><\/li>\n<\/ul>\n<\/div>[\/vc_column_text][\/vc_column_inner][\/vc_row_inner][\/vc_column][\/vc_row][\/vc_section]<\/p>\n","protected":false},"excerpt":{"rendered":"<p>[vc_section css=\u00a0\u00bb.vc_custom_1647270956198{margin-bottom: 0px !important;padding-top: 0px !important;padding-bottom: 0px !important;}\u00a0\u00bb][vc_row][vc_column css=\u00a0\u00bb.vc_custom_1676913343689{margin-bottom: 0px !important;padding-bottom: 0px !important;}\u00a0\u00bb][vc_raw_html el_class=\u00a0\u00bbd-none d-sm-block\u00a0\u00bb css=\u00a0\u00bb.vc_custom_1695389043202{margin-bottom: 0px !important;padding-bottom: 0px !important;}\u00a0\u00bb]JTVCbWV0YXNsaWRlciUyMGlkJTNEJTIyMTgxMCUyMiU1RA==[\/vc_raw_html][vc_raw_html el_class=\u00a0\u00bbd-block d-sm-none\u00a0\u00bb css=\u00a0\u00bb.vc_custom_1695389038284{margin-bottom: 0px !important;padding-bottom: 0px&#8230;<\/p>\n","protected":false},"author":1,"featured_media":0,"parent":0,"menu_order":0,"comment_status":"closed","ping_status":"closed","template":"","meta":{"footnotes":""},"class_list":["post-3733","page","type-page","status-publish","hentry"],"_links":{"self":[{"href":"https:\/\/capitolflooringproducts.com\/fr\/wp-json\/wp\/v2\/pages\/3733","targetHints":{"allow":["GET"]}}],"collection":[{"href":"https:\/\/capitolflooringproducts.com\/fr\/wp-json\/wp\/v2\/pages"}],"about":[{"href":"https:\/\/capitolflooringproducts.com\/fr\/wp-json\/wp\/v2\/types\/page"}],"author":[{"embeddable":true,"href":"https:\/\/capitolflooringproducts.com\/fr\/wp-json\/wp\/v2\/users\/1"}],"replies":[{"embeddable":true,"href":"https:\/\/capitolflooringproducts.com\/fr\/wp-json\/wp\/v2\/comments?post=3733"}],"version-history":[{"count":7,"href":"https:\/\/capitolflooringproducts.com\/fr\/wp-json\/wp\/v2\/pages\/3733\/revisions"}],"predecessor-version":[{"id":7069,"href":"https:\/\/capitolflooringproducts.com\/fr\/wp-json\/wp\/v2\/pages\/3733\/revisions\/7069"}],"wp:attachment":[{"href":"https:\/\/capitolflooringproducts.com\/fr\/wp-json\/wp\/v2\/media?parent=3733"}],"curies":[{"name":"wp","href":"https:\/\/api.w.org\/{rel}","templated":true}]}}