{"id":7743,"date":"2026-02-12T17:10:00","date_gmt":"2026-02-12T22:10:00","guid":{"rendered":"https:\/\/capitolflooringproducts.com\/?post_type=product&#038;p=7743"},"modified":"2026-02-13T12:47:08","modified_gmt":"2026-02-13T17:47:08","slug":"rollo-de-corcho-natural-premium-para-usar-como-contrapiso-6-mm-100-ft2-929-m2-4-x-25-121-m-x-762-m-110650","status":"publish","type":"product","link":"https:\/\/capitolflooringproducts.com\/es\/producto\/rollo-de-corcho-natural-premium-para-usar-como-contrapiso-6-mm-100-ft2-929-m2-4-x-25-121-m-x-762-m-110650\/","title":{"rendered":"Rollo de corcho natural premium para usar como contrapiso &#8211; 6 mm &#8211; 100 ft2 (9.29 m2) (4&#8242; x 25&#8242;) (1.21 m \u00d7 7.62 m)"},"content":{"rendered":"","protected":false},"excerpt":{"rendered":"<p>Este contrapiso de corcho natural protege los pisos contra las grietas por tensi\u00f3n que se transfieren del subsuelo a las superficies del piso, y reduce la transmisi\u00f3n t\u00e9rmica, por lo que es ideal para pisos radiantes. Reduce la transmisi\u00f3n del sonido y constituye una excelente barrera ac\u00fastica para todo tipo de pisos. Este contrapiso de corcho, naturalmente hipoalerg\u00e9nico, es respetuoso con el ambiente y contribuye a una mejor calidad de aire interior. Los rollos de corcho premium Capitol para contrapisos pueden contribuir a la obtenci\u00f3n de cr\u00e9ditos en el marco del programa de construcci\u00f3n ecol\u00f3gica LEED.<\/p>\n","protected":false},"featured_media":7744,"template":"","meta":[],"product_brand":[],"product_cat":[463],"product_tag":[],"class_list":{"0":"post-7743","1":"product","2":"type-product","3":"status-publish","4":"has-post-thumbnail","6":"product_cat-cork-underlayment-es","8":"first","9":"instock","10":"shipping-taxable","11":"product-type-simple"},"_links":{"self":[{"href":"https:\/\/capitolflooringproducts.com\/es\/wp-json\/wp\/v2\/product\/7743","targetHints":{"allow":["GET"]}}],"collection":[{"href":"https:\/\/capitolflooringproducts.com\/es\/wp-json\/wp\/v2\/product"}],"about":[{"href":"https:\/\/capitolflooringproducts.com\/es\/wp-json\/wp\/v2\/types\/product"}],"wp:featuredmedia":[{"embeddable":true,"href":"https:\/\/capitolflooringproducts.com\/es\/wp-json\/wp\/v2\/media\/7744"}],"wp:attachment":[{"href":"https:\/\/capitolflooringproducts.com\/es\/wp-json\/wp\/v2\/media?parent=7743"}],"wp:term":[{"taxonomy":"product_brand","embeddable":true,"href":"https:\/\/capitolflooringproducts.com\/es\/wp-json\/wp\/v2\/product_brand?post=7743"},{"taxonomy":"product_cat","embeddable":true,"href":"https:\/\/capitolflooringproducts.com\/es\/wp-json\/wp\/v2\/product_cat?post=7743"},{"taxonomy":"product_tag","embeddable":true,"href":"https:\/\/capitolflooringproducts.com\/es\/wp-json\/wp\/v2\/product_tag?post=7743"}],"curies":[{"name":"wp","href":"https:\/\/api.w.org\/{rel}","templated":true}]}}