{"id":7527,"date":"2026-02-12T17:10:00","date_gmt":"2026-02-12T22:10:00","guid":{"rendered":"https:\/\/capitolflooringproducts.com\/?post_type=product&#038;p=7527"},"modified":"2026-02-13T12:47:07","modified_gmt":"2026-02-13T17:47:07","slug":"adhesivo-de-transicion-sensible-a-la-presion-ps699-4-gal-1514-l-ps699-4","status":"publish","type":"product","link":"https:\/\/capitolflooringproducts.com\/es\/producto\/adhesivo-de-transicion-sensible-a-la-presion-ps699-4-gal-1514-l-ps699-4\/","title":{"rendered":"Adhesivo de transici\u00f3n sensible a la presi\u00f3n PS699, 4\u00a0gal (15.14\u00a0l)"},"content":{"rendered":"","protected":false},"excerpt":{"rendered":"<p>El adhesivo de transici\u00f3n, de fraguado firme y sensible a la presi\u00f3n Capitol<sup>\u00ae<\/sup> PS699 est\u00e1 formulado para la colocaci\u00f3n de pisos resistentes, incluidas las losetas vin\u00edlicas de lujo (LVT), los tablones vin\u00edlicos de lujo (LVP), las losetas de composici\u00f3n vin\u00edlica (VCT) y las losetas de alfombra. Es un adhesivo de transici\u00f3n de alta adherencia con resistencia superior al agrietado y alta resistencia a las fuerzas laterales. Esto lo hace ideal para las \u00e1reas de mucho tr\u00e1nsito, ya que tiene un gran rendimiento debajo de cargas rodantes. Capitol PS699 se coloca como adhesivo sensible a la presi\u00f3n y se vuelve m\u00e1s firme con el curado para formar una uni\u00f3n permanente. Como adhesivo sensible a la presi\u00f3n, tiene un tiempo abierto de 60\u00a0minutos y un tiempo de trabajo de 12\u00a0horas. Para la colocaci\u00f3n semih\u00fameda, tiene un tiempo abierto de 20\u00a0minutos y un tiempo de trabajo de 40\u00a0minutos. F\u00e1cil de limpiar, seca transparente, tiene alta resistencia a la humedad con poco olor y bajo nivel de componentes org\u00e1nicos vol\u00e1tiles (<1g\/l). Tiene certificaci\u00f3n CRI y FloorScore.\n<\/p>\n","protected":false},"featured_media":7528,"template":"","meta":[],"product_brand":[],"product_cat":[246],"product_tag":[],"class_list":{"0":"post-7527","1":"product","2":"type-product","3":"status-publish","4":"has-post-thumbnail","6":"product_cat-adhesivos-para-vinilicos","8":"first","9":"instock","10":"shipping-taxable","11":"product-type-simple"},"_links":{"self":[{"href":"https:\/\/capitolflooringproducts.com\/es\/wp-json\/wp\/v2\/product\/7527","targetHints":{"allow":["GET"]}}],"collection":[{"href":"https:\/\/capitolflooringproducts.com\/es\/wp-json\/wp\/v2\/product"}],"about":[{"href":"https:\/\/capitolflooringproducts.com\/es\/wp-json\/wp\/v2\/types\/product"}],"wp:featuredmedia":[{"embeddable":true,"href":"https:\/\/capitolflooringproducts.com\/es\/wp-json\/wp\/v2\/media\/7528"}],"wp:attachment":[{"href":"https:\/\/capitolflooringproducts.com\/es\/wp-json\/wp\/v2\/media?parent=7527"}],"wp:term":[{"taxonomy":"product_brand","embeddable":true,"href":"https:\/\/capitolflooringproducts.com\/es\/wp-json\/wp\/v2\/product_brand?post=7527"},{"taxonomy":"product_cat","embeddable":true,"href":"https:\/\/capitolflooringproducts.com\/es\/wp-json\/wp\/v2\/product_cat?post=7527"},{"taxonomy":"product_tag","embeddable":true,"href":"https:\/\/capitolflooringproducts.com\/es\/wp-json\/wp\/v2\/product_tag?post=7527"}],"curies":[{"name":"wp","href":"https:\/\/api.w.org\/{rel}","templated":true}]}}