{"id":7064,"date":"2026-02-12T17:10:00","date_gmt":"2026-02-12T22:10:00","guid":{"rendered":"https:\/\/capitolflooringproducts.com\/?post_type=product&#038;p=7064"},"modified":"2026-02-13T12:47:08","modified_gmt":"2026-02-13T17:47:08","slug":"rollo-de-corcho-premium-para-usar-como-capa-base-6-mm-200-sq-ft-1858-m2-4-x-50-122-m-x-1524-m-110620","status":"publish","type":"product","link":"https:\/\/capitolflooringproducts.com\/es\/producto\/rollo-de-corcho-premium-para-usar-como-capa-base-6-mm-200-sq-ft-1858-m2-4-x-50-122-m-x-1524-m-110620\/","title":{"rendered":"Rollo de corcho premium para usar como capa base &#8211; 6 mm &#8211; 200 sq. ft. (18.58 m2) (4&#8242; x 50&#8242;) (1.22 m x 15.24\u00a0m)"},"content":{"rendered":"","protected":false},"excerpt":{"rendered":"<p>Los rollos de corcho premium Capitol<sup>\u00ae<\/sup> para contrapisos est\u00e1n dise\u00f1ados para usar con losetas de cer\u00e1mica, piedra, m\u00e1rmol, pisos de madera encolada y sistemas de pisos flotantes.  Este contrapiso de corcho natural protege los pisos contra las grietas por tensi\u00f3n que se transfieren del subsuelo a las superficies del piso, y reduce la transmisi\u00f3n t\u00e9rmica, por lo que es ideal para pisos radiantes. Reduce la transmisi\u00f3n del sonido y constituye una excelente barrera ac\u00fastica para todo tipo de pisos. Este contrapiso de corcho, naturalmente hipoalerg\u00e9nico, es respetuoso con el ambiente y contribuye a una mejor calidad de aire interior. Los rollos de corcho premium Capitol<sup>\u00ae<\/sup> para contrapisos pueden contribuir a la obtenci\u00f3n de cr\u00e9ditos en el marco del programa de construcci\u00f3n ecol\u00f3gica LEED.<\/p>\n","protected":false},"featured_media":7874,"template":"","meta":[],"product_brand":[],"product_cat":[463],"product_tag":[],"class_list":{"0":"post-7064","1":"product","2":"type-product","3":"status-publish","4":"has-post-thumbnail","6":"product_cat-cork-underlayment-es","8":"first","9":"instock","10":"shipping-taxable","11":"product-type-simple"},"_links":{"self":[{"href":"https:\/\/capitolflooringproducts.com\/es\/wp-json\/wp\/v2\/product\/7064","targetHints":{"allow":["GET"]}}],"collection":[{"href":"https:\/\/capitolflooringproducts.com\/es\/wp-json\/wp\/v2\/product"}],"about":[{"href":"https:\/\/capitolflooringproducts.com\/es\/wp-json\/wp\/v2\/types\/product"}],"wp:featuredmedia":[{"embeddable":true,"href":"https:\/\/capitolflooringproducts.com\/es\/wp-json\/wp\/v2\/media\/7874"}],"wp:attachment":[{"href":"https:\/\/capitolflooringproducts.com\/es\/wp-json\/wp\/v2\/media?parent=7064"}],"wp:term":[{"taxonomy":"product_brand","embeddable":true,"href":"https:\/\/capitolflooringproducts.com\/es\/wp-json\/wp\/v2\/product_brand?post=7064"},{"taxonomy":"product_cat","embeddable":true,"href":"https:\/\/capitolflooringproducts.com\/es\/wp-json\/wp\/v2\/product_cat?post=7064"},{"taxonomy":"product_tag","embeddable":true,"href":"https:\/\/capitolflooringproducts.com\/es\/wp-json\/wp\/v2\/product_tag?post=7064"}],"curies":[{"name":"wp","href":"https:\/\/api.w.org\/{rel}","templated":true}]}}