{"id":7063,"date":"2026-02-12T17:10:00","date_gmt":"2026-02-12T22:10:00","guid":{"rendered":"https:\/\/capitolflooringproducts.com\/?post_type=product&#038;p=7063"},"modified":"2026-02-13T12:47:03","modified_gmt":"2026-02-13T17:47:03","slug":"laminas-de-corcho-premium-para-capa-base-12-mm-150-sq-ft-1394-m%c2%b2-2-x-3-6096-cm-x-9144-cm-110621","status":"publish","type":"product","link":"https:\/\/capitolflooringproducts.com\/es\/producto\/laminas-de-corcho-premium-para-capa-base-12-mm-150-sq-ft-1394-m%c2%b2-2-x-3-6096-cm-x-9144-cm-110621\/","title":{"rendered":"L\u00e1minas de corcho premium para capa base &#8211; 12\u00a0mm &#8211; 150 sq. ft. (13.94 m\u00b2) (2&#8242; x 3&#8242; [60.96\u00a0cm x 91.44\u00a0cm])"},"content":{"rendered":"","protected":false},"excerpt":{"rendered":"<p>Las laminas de corcho premium Capitol<sup>\u00ae<\/sup> para contrapisos est\u00e1n dise\u00f1adas para usar con losetas de cer\u00e1mica, piedra, m\u00e1rmol, pisos de madera encolada y sistemas de pisos flotantes.  Este contrapiso de corcho natural protege los pisos contra las grietas por tensi\u00f3n que se transfieren del subsuelo a las superficies del piso, y reduce la transmisi\u00f3n t\u00e9rmica, por lo que es ideal para pisos radiantes. Reduce la transmisi\u00f3n del sonido y constituye una excelente barrera ac\u00fastica para todo tipo de pisos. Este contrapiso de corcho, naturalmente hipoalerg\u00e9nico, es respetuoso con el ambiente y contribuye a una mejor calidad de aire interior. Las laminas de corcho premium Capitol<sup>\u00ae<\/sup> para contrapisos pueden contribuir a la obtenci\u00f3n de cr\u00e9ditos en el marco del programa de construcci\u00f3n ecol\u00f3gica LEED.<\/p>\n","protected":false},"featured_media":7485,"template":"","meta":[],"product_brand":[],"product_cat":[463],"product_tag":[],"class_list":{"0":"post-7063","1":"product","2":"type-product","3":"status-publish","4":"has-post-thumbnail","6":"product_cat-cork-underlayment-es","8":"first","9":"instock","10":"shipping-taxable","11":"product-type-simple"},"_links":{"self":[{"href":"https:\/\/capitolflooringproducts.com\/es\/wp-json\/wp\/v2\/product\/7063","targetHints":{"allow":["GET"]}}],"collection":[{"href":"https:\/\/capitolflooringproducts.com\/es\/wp-json\/wp\/v2\/product"}],"about":[{"href":"https:\/\/capitolflooringproducts.com\/es\/wp-json\/wp\/v2\/types\/product"}],"wp:featuredmedia":[{"embeddable":true,"href":"https:\/\/capitolflooringproducts.com\/es\/wp-json\/wp\/v2\/media\/7485"}],"wp:attachment":[{"href":"https:\/\/capitolflooringproducts.com\/es\/wp-json\/wp\/v2\/media?parent=7063"}],"wp:term":[{"taxonomy":"product_brand","embeddable":true,"href":"https:\/\/capitolflooringproducts.com\/es\/wp-json\/wp\/v2\/product_brand?post=7063"},{"taxonomy":"product_cat","embeddable":true,"href":"https:\/\/capitolflooringproducts.com\/es\/wp-json\/wp\/v2\/product_cat?post=7063"},{"taxonomy":"product_tag","embeddable":true,"href":"https:\/\/capitolflooringproducts.com\/es\/wp-json\/wp\/v2\/product_tag?post=7063"}],"curies":[{"name":"wp","href":"https:\/\/api.w.org\/{rel}","templated":true}]}}