{"id":3942,"date":"2026-02-12T17:10:00","date_gmt":"2026-02-12T22:10:00","guid":{"rendered":"https:\/\/capitolflooringproducts.com\/?post_type=product&#038;p=3942"},"modified":"2026-02-13T12:47:10","modified_gmt":"2026-02-13T17:47:10","slug":"grapas-con-punta-divergente-de-9-16-in-142-cm-110013-8","status":"publish","type":"product","link":"https:\/\/capitolflooringproducts.com\/es\/producto\/grapas-con-punta-divergente-de-9-16-in-142-cm-110013-8\/","title":{"rendered":"Grapas con punta divergente de 9\/16&#8243; (1.42\u00a0cm)"},"content":{"rendered":"","protected":false},"excerpt":{"rendered":"<p>Las grapas con punta divergente de 9\/16&#8243; (1.42\u00a0cm) de Capitol<sup>\u00ae<\/sup> penetran f\u00e1cilmente en losetas vin\u00edlicas, lin\u00f3leo, fieltro y madera (incluida la madera s\u00f3lida) con puntas a 60\u00ba. Proporcionan mayor poder de sujeci\u00f3n gracias a que las patas de las grapas apuntan en direcciones opuestas.<\/p>\n","protected":false},"featured_media":6297,"template":"","meta":[],"product_brand":[],"product_cat":[284],"product_tag":[],"class_list":{"0":"post-3942","1":"product","2":"type-product","3":"status-publish","4":"has-post-thumbnail","6":"product_cat-grapas","8":"first","9":"instock","10":"shipping-taxable","11":"product-type-simple"},"_links":{"self":[{"href":"https:\/\/capitolflooringproducts.com\/es\/wp-json\/wp\/v2\/product\/3942","targetHints":{"allow":["GET"]}}],"collection":[{"href":"https:\/\/capitolflooringproducts.com\/es\/wp-json\/wp\/v2\/product"}],"about":[{"href":"https:\/\/capitolflooringproducts.com\/es\/wp-json\/wp\/v2\/types\/product"}],"wp:featuredmedia":[{"embeddable":true,"href":"https:\/\/capitolflooringproducts.com\/es\/wp-json\/wp\/v2\/media\/6297"}],"wp:attachment":[{"href":"https:\/\/capitolflooringproducts.com\/es\/wp-json\/wp\/v2\/media?parent=3942"}],"wp:term":[{"taxonomy":"product_brand","embeddable":true,"href":"https:\/\/capitolflooringproducts.com\/es\/wp-json\/wp\/v2\/product_brand?post=3942"},{"taxonomy":"product_cat","embeddable":true,"href":"https:\/\/capitolflooringproducts.com\/es\/wp-json\/wp\/v2\/product_cat?post=3942"},{"taxonomy":"product_tag","embeddable":true,"href":"https:\/\/capitolflooringproducts.com\/es\/wp-json\/wp\/v2\/product_tag?post=3942"}],"curies":[{"name":"wp","href":"https:\/\/api.w.org\/{rel}","templated":true}]}}