{"id":3931,"date":"2026-02-12T17:10:00","date_gmt":"2026-02-12T22:10:00","guid":{"rendered":"https:\/\/capitolflooringproducts.com\/?post_type=product&#038;p=3931"},"modified":"2026-02-13T12:47:05","modified_gmt":"2026-02-13T17:47:05","slug":"cinta-de-un-solo-faz-sensitiva-a-la-presion-142432-12","status":"publish","type":"product","link":"https:\/\/capitolflooringproducts.com\/es\/producto\/cinta-de-un-solo-faz-sensitiva-a-la-presion-142432-12\/","title":{"rendered":"Cinta de un solo faz sensitiva a la presi\u00f3n"},"content":{"rendered":"","protected":false},"excerpt":{"rendered":"<p>La cinta de un solo faz sensitiva a presi\u00f3n de Capitol<sup>\u00ae<\/sup> sella las \u00e1reas con tr\u00e1nsito liviano tales como los armarios durante la instalaci\u00f3n de la alfombra. Esta cinta tambi\u00e9n puede usarse para reparaciones temporales. No requiere de calor para su uso, lo que hace que la instalaci\u00f3n sea m\u00e1s r\u00e1pida y sencilla sin la necesidad de planchas termoadhesivas. El m\u00e9todo de pelar, adherir y presionar hace que el sellado de la alfombra sea r\u00e1pido y f\u00e1cil.<\/p>\n","protected":false},"featured_media":5995,"template":"","meta":[],"product_brand":[],"product_cat":[294],"product_tag":[],"class_list":{"0":"post-3931","1":"product","2":"type-product","3":"status-publish","4":"has-post-thumbnail","6":"product_cat-cintas-para-uniones","8":"first","9":"instock","10":"shipping-taxable","11":"product-type-simple"},"_links":{"self":[{"href":"https:\/\/capitolflooringproducts.com\/es\/wp-json\/wp\/v2\/product\/3931","targetHints":{"allow":["GET"]}}],"collection":[{"href":"https:\/\/capitolflooringproducts.com\/es\/wp-json\/wp\/v2\/product"}],"about":[{"href":"https:\/\/capitolflooringproducts.com\/es\/wp-json\/wp\/v2\/types\/product"}],"wp:featuredmedia":[{"embeddable":true,"href":"https:\/\/capitolflooringproducts.com\/es\/wp-json\/wp\/v2\/media\/5995"}],"wp:attachment":[{"href":"https:\/\/capitolflooringproducts.com\/es\/wp-json\/wp\/v2\/media?parent=3931"}],"wp:term":[{"taxonomy":"product_brand","embeddable":true,"href":"https:\/\/capitolflooringproducts.com\/es\/wp-json\/wp\/v2\/product_brand?post=3931"},{"taxonomy":"product_cat","embeddable":true,"href":"https:\/\/capitolflooringproducts.com\/es\/wp-json\/wp\/v2\/product_cat?post=3931"},{"taxonomy":"product_tag","embeddable":true,"href":"https:\/\/capitolflooringproducts.com\/es\/wp-json\/wp\/v2\/product_tag?post=3931"}],"curies":[{"name":"wp","href":"https:\/\/api.w.org\/{rel}","templated":true}]}}